{"id":76,"date":"2025-05-27T15:07:39","date_gmt":"2025-05-27T13:07:39","guid":{"rendered":"http:\/\/jrufsfc.cluster100.hosting.ovh.net\/?page_id=76"},"modified":"2025-11-27T11:05:13","modified_gmt":"2025-11-27T10:05:13","slug":"le-cabinet","status":"publish","type":"page","link":"https:\/\/eloisemarqueze-psychologue.com\/index.php\/le-cabinet\/","title":{"rendered":"Le Cabinet &amp; Contact"},"content":{"rendered":"\t\t<div data-elementor-type=\"wp-page\" data-elementor-id=\"76\" class=\"elementor elementor-76\" data-elementor-post-type=\"page\">\n\t\t\t\t<div class=\"elementor-element elementor-element-0fc1af2 e-flex e-con-boxed e-con e-parent\" data-id=\"0fc1af2\" data-element_type=\"container\" data-settings=\"{&quot;background_background&quot;:&quot;classic&quot;}\">\n\t\t\t\t\t<div class=\"e-con-inner\">\n\t\t<div class=\"elementor-element elementor-element-153f52a e-con-full e-flex e-con e-child\" data-id=\"153f52a\" data-element_type=\"container\">\n\t\t\t\t<div class=\"elementor-element elementor-element-37f269b elementor-widget elementor-widget-heading\" data-id=\"37f269b\" data-element_type=\"widget\" data-widget_type=\"heading.default\">\n\t\t\t\t<div class=\"elementor-widget-container\">\n\t\t\t\t\t<h2 class=\"elementor-heading-title elementor-size-default\">Le Cabinet <\/h2>\t\t\t\t<\/div>\n\t\t\t\t<\/div>\n\t\t\t\t<div class=\"elementor-element elementor-element-63133e6 elementor-widget elementor-widget-text-editor\" data-id=\"63133e6\" data-element_type=\"widget\" data-widget_type=\"text-editor.default\">\n\t\t\t\t<div class=\"elementor-widget-container\">\n\t\t\t\t\t\t\t\t\t<ul><li><strong>2 rue Millet 33600 Pessac<\/strong><\/li><li class=\"p1\"><strong>14 rue Desbiey au sein du Cabinet l\u2019Etoile, La Teste de Buch.\u00a0<\/strong><\/li><\/ul>\t\t\t\t\t\t\t\t<\/div>\n\t\t\t\t<\/div>\n\t\t\t\t<\/div>\n\t\t\t\t<div class=\"elementor-element elementor-element-bcf9ad5 elementor-widget elementor-widget-image\" data-id=\"bcf9ad5\" data-element_type=\"widget\" data-widget_type=\"image.default\">\n\t\t\t\t<div class=\"elementor-widget-container\">\n\t\t\t\t\t\t\t\t\t\t\t\t\t\t\t<img fetchpriority=\"high\" decoding=\"async\" width=\"1920\" height=\"2560\" src=\"https:\/\/eloisemarqueze-psychologue.com\/wp-content\/uploads\/2025\/11\/IMG_9606-scaled.jpg\" class=\"attachment-full size-full wp-image-567\" alt=\"Cabinet d&#039;Eloise Marqueze\" srcset=\"https:\/\/eloisemarqueze-psychologue.com\/wp-content\/uploads\/2025\/11\/IMG_9606-scaled.jpg 1920w, https:\/\/eloisemarqueze-psychologue.com\/wp-content\/uploads\/2025\/11\/IMG_9606-225x300.jpg 225w, https:\/\/eloisemarqueze-psychologue.com\/wp-content\/uploads\/2025\/11\/IMG_9606-768x1024.jpg 768w, https:\/\/eloisemarqueze-psychologue.com\/wp-content\/uploads\/2025\/11\/IMG_9606-1152x1536.jpg 1152w, https:\/\/eloisemarqueze-psychologue.com\/wp-content\/uploads\/2025\/11\/IMG_9606-1536x2048.jpg 1536w\" sizes=\"(max-width: 1920px) 100vw, 1920px\" \/>\t\t\t\t\t\t\t\t\t\t\t\t\t\t\t<\/div>\n\t\t\t\t<\/div>\n\t\t\t\t\t<\/div>\n\t\t\t\t<\/div>\n\t\t<div class=\"elementor-element elementor-element-bc57e66 e-flex e-con-boxed e-con e-parent\" data-id=\"bc57e66\" data-element_type=\"container\" data-settings=\"{&quot;background_background&quot;:&quot;classic&quot;}\">\n\t\t\t\t\t<div class=\"e-con-inner\">\n\t\t<div class=\"elementor-element elementor-element-6a3ef5b e-con-full e-flex e-con e-child\" data-id=\"6a3ef5b\" data-element_type=\"container\">\n\t\t\t\t<div class=\"elementor-element elementor-element-2bdcec1 elementor-widget elementor-widget-heading\" data-id=\"2bdcec1\" data-element_type=\"widget\" data-widget_type=\"heading.default\">\n\t\t\t\t<div class=\"elementor-widget-container\">\n\t\t\t\t\t<h2 class=\"elementor-heading-title elementor-size-default\">Informations <\/h2>\t\t\t\t<\/div>\n\t\t\t\t<\/div>\n\t\t\t\t<div class=\"elementor-element elementor-element-d23c85c elementor-widget elementor-widget-text-editor\" data-id=\"d23c85c\" data-element_type=\"widget\" data-widget_type=\"text-editor.default\">\n\t\t\t\t<div class=\"elementor-widget-container\">\n\t\t\t\t\t\t\t\t\t<ul class=\"txt-light\"><li>2 rue Millet 33600 Pessac<\/li><li>0622404349<\/li><\/ul>\t\t\t\t\t\t\t\t<\/div>\n\t\t\t\t<\/div>\n\t\t\t\t<div class=\"elementor-element elementor-element-cbf04a0 elementor-widget elementor-widget-google_maps\" data-id=\"cbf04a0\" data-element_type=\"widget\" data-widget_type=\"google_maps.default\">\n\t\t\t\t<div class=\"elementor-widget-container\">\n\t\t\t\t\t\t\t<div class=\"elementor-custom-embed\">\n\t\t\t<iframe loading=\"lazy\"\n\t\t\t\t\tsrc=\"https:\/\/maps.google.com\/maps?q=2%20Rue%20Millet%2C%2033600%20Pessac%2C%20France&#038;t=m&#038;z=13&#038;output=embed&#038;iwloc=near\"\n\t\t\t\t\ttitle=\"2 Rue Millet, 33600 Pessac, France\"\n\t\t\t\t\taria-label=\"2 Rue Millet, 33600 Pessac, France\"\n\t\t\t><\/iframe>\n\t\t<\/div>\n\t\t\t\t\t\t<\/div>\n\t\t\t\t<\/div>\n\t\t\t\t<\/div>\n\t\t<div class=\"elementor-element elementor-element-7689660 e-con-full e-flex e-con e-child\" data-id=\"7689660\" data-element_type=\"container\">\n\t\t\t\t<div class=\"elementor-element elementor-element-f232cff elementor-widget elementor-widget-heading\" data-id=\"f232cff\" data-element_type=\"widget\" data-widget_type=\"heading.default\">\n\t\t\t\t<div class=\"elementor-widget-container\">\n\t\t\t\t\t<h2 class=\"elementor-heading-title elementor-size-default\">Informations <\/h2>\t\t\t\t<\/div>\n\t\t\t\t<\/div>\n\t\t\t\t<div class=\"elementor-element elementor-element-ec8028d elementor-widget elementor-widget-text-editor\" data-id=\"ec8028d\" data-element_type=\"widget\" data-widget_type=\"text-editor.default\">\n\t\t\t\t<div class=\"elementor-widget-container\">\n\t\t\t\t\t\t\t\t\t<ul class=\"txt-light\"><li>14 rue Desbiey, 33260 La Teste-de-Buch<\/li><li>0622404349<\/li><\/ul>\t\t\t\t\t\t\t\t<\/div>\n\t\t\t\t<\/div>\n\t\t\t\t<div class=\"elementor-element elementor-element-47f98eb elementor-widget elementor-widget-google_maps\" data-id=\"47f98eb\" data-element_type=\"widget\" data-widget_type=\"google_maps.default\">\n\t\t\t\t<div class=\"elementor-widget-container\">\n\t\t\t\t\t\t\t<div class=\"elementor-custom-embed\">\n\t\t\t<iframe loading=\"lazy\"\n\t\t\t\t\tsrc=\"https:\/\/maps.google.com\/maps?q=14%20Rue%20Desbiey%2C%2033600%20Pessac%2C%20France&#038;t=m&#038;z=13&#038;output=embed&#038;iwloc=near\"\n\t\t\t\t\ttitle=\"14 Rue Desbiey, 33600 Pessac, France\"\n\t\t\t\t\taria-label=\"14 Rue Desbiey, 33600 Pessac, France\"\n\t\t\t><\/iframe>\n\t\t<\/div>\n\t\t\t\t\t\t<\/div>\n\t\t\t\t<\/div>\n\t\t\t\t<\/div>\n\t\t\t\t\t<\/div>\n\t\t\t\t<\/div>\n\t\t<div class=\"elementor-element elementor-element-5fb378d e-flex e-con-boxed e-con e-parent\" data-id=\"5fb378d\" data-element_type=\"container\">\n\t\t\t\t\t<div class=\"e-con-inner\">\n\t\t\t\t<div class=\"elementor-element elementor-element-65a95fd elementor-widget elementor-widget-heading\" data-id=\"65a95fd\" data-element_type=\"widget\" data-widget_type=\"heading.default\">\n\t\t\t\t<div class=\"elementor-widget-container\">\n\t\t\t\t\t<h2 class=\"elementor-heading-title elementor-size-default\">Contact & Rendez-vous <\/h2>\t\t\t\t<\/div>\n\t\t\t\t<\/div>\n\t\t\t\t<div class=\"elementor-element elementor-element-0cb8771 elementor-widget elementor-widget-text-editor\" data-id=\"0cb8771\" data-element_type=\"widget\" data-widget_type=\"text-editor.default\">\n\t\t\t\t<div class=\"elementor-widget-container\">\n\t\t\t\t\t\t\t\t\t<p>Les consultations se font uniquement sur rendez-vous. Vous pouvez me contacter par sms, t\u00e9l\u00e9phone ou mail,<br \/>ou prendre rendez vous via le site\u00a0<a href=\"https:\/\/eloisemarqueze-psychologue.com\/cabinet.php\"><strong>Doctolib<\/strong><\/a>.<\/p><p class=\"p1\">mail : <a href=\"mailto:eloisemarqueze@gmail.com\"><span class=\"s1\">eloisemarqueze@gmail.com<\/span><\/a><\/p><p class=\"p1\">tel : 06 22 40 43 49<\/p>\t\t\t\t\t\t\t\t<\/div>\n\t\t\t\t<\/div>\n\t\t\t\t<div class=\"elementor-element elementor-element-db510fe elementor-widget elementor-widget-heading\" data-id=\"db510fe\" data-element_type=\"widget\" data-widget_type=\"heading.default\">\n\t\t\t\t<div class=\"elementor-widget-container\">\n\t\t\t\t\t<h2 class=\"elementor-heading-title elementor-size-default\">Conditions & tarifs<\/h2>\t\t\t\t<\/div>\n\t\t\t\t<\/div>\n\t\t\t\t<div class=\"elementor-element elementor-element-f704555 elementor-widget elementor-widget-text-editor\" data-id=\"f704555\" data-element_type=\"widget\" data-widget_type=\"text-editor.default\">\n\t\t\t\t<div class=\"elementor-widget-container\">\n\t\t\t\t\t\t\t\t\t<p class=\"p1\">La s\u00e9ance peut se d\u00e9rouler en pr\u00e9sentiel au cabinet ou en visio. Elle dure 55 minutes, le tarif est de 60 euros. Le r\u00e8glement se fait par ch\u00e8que, esp\u00e8ce ou virement bancaire.<\/p><p>La fr\u00e9quence des rendez vous est d\u00e9termin\u00e9e d\u2019un commun accord.<\/p><p>Chaque RDV est une tranche horaire pendant laquelle je me tiens disponible pour vous. En cas d\u2019annulation ou de d\u00e9placement d\u2019un rdv, merci de me pr\u00e9venir 48h \u00e0 l\u2019avance. Les s\u00e9ances \u00ab oubli\u00e9es \u00bb ou non d\u00e9command\u00e9es au pr\u00e9alable seront consid\u00e9r\u00e9es comme dues.<\/p><p class=\"p1\">Je ne participe pas au dispositif de remboursement propos\u00e9 par le gouvernement, les s\u00e9ances ne sont dont pas prise en charge par la s\u00e9curit\u00e9 sociale.<\/p>\t\t\t\t\t\t\t\t<\/div>\n\t\t\t\t<\/div>\n\t\t\t\t\t<\/div>\n\t\t\t\t<\/div>\n\t\t<div class=\"elementor-element elementor-element-d1c8d28 e-flex e-con-boxed e-con e-parent\" data-id=\"d1c8d28\" data-element_type=\"container\" data-settings=\"{&quot;background_background&quot;:&quot;classic&quot;}\">\n\t\t\t\t\t<div class=\"e-con-inner\">\n\t\t\t\t<div class=\"elementor-element elementor-element-7d45fa0 elementor-widget elementor-widget-heading\" data-id=\"7d45fa0\" data-element_type=\"widget\" data-widget_type=\"heading.default\">\n\t\t\t\t<div class=\"elementor-widget-container\">\n\t\t\t\t\t<h2 class=\"elementor-heading-title elementor-size-default\">... \u00c0 propos<\/h2>\t\t\t\t<\/div>\n\t\t\t\t<\/div>\n\t\t\t\t<div class=\"elementor-element elementor-element-63ed932 elementor-widget elementor-widget-text-editor\" data-id=\"63ed932\" data-element_type=\"widget\" data-widget_type=\"text-editor.default\">\n\t\t\t\t<div class=\"elementor-widget-container\">\n\t\t\t\t\t\t\t\t\t<p>Afin de prot\u00e9ger les personnes qui consultent, les psychologues sont enregistr\u00e9s aupr\u00e8s de l\u2019ARS (Association R\u00e9gionale de Sant\u00e9) qui d\u00e9livre un num\u00e9ro ADELI (syst\u00e8me d\u2019information national sur les professionnels autoris\u00e9s \u00e0 faire usage du titre de Psychologue). Les psychologues qui exercent en lib\u00e9ral sont \u00e9galement enregistr\u00e9s aupr\u00e8s de l\u2019URSAFF (num\u00e9ro de siret). n\u00b0 adeli: 339318057<\/p>\t\t\t\t\t\t\t\t<\/div>\n\t\t\t\t<\/div>\n\t\t\t\t\t<\/div>\n\t\t\t\t<\/div>\n\t\t<div class=\"elementor-element elementor-element-f61d307 e-con-full e-flex e-con e-parent\" data-id=\"f61d307\" data-element_type=\"container\" data-settings=\"{&quot;background_background&quot;:&quot;classic&quot;}\">\n\t\t\t\t<\/div>\n\t\t\t\t<\/div>\n\t\t","protected":false},"excerpt":{"rendered":"<p>Le Cabinet 2 rue Millet 33600 Pessac 14 rue Desbiey au sein du Cabinet l\u2019Etoile, La Teste de Buch.\u00a0 Informations 2 rue Millet 33600 Pessac 0622404349 Informations 14 rue Desbiey, 33260 La Teste-de-Buch 0622404349 Contact &#038; Rendez-vous Les consultations se font uniquement sur rendez-vous. Vous pouvez me contacter par sms, t\u00e9l\u00e9phone ou mail,ou prendre rendez [&hellip;]<\/p>\n","protected":false},"author":1,"featured_media":0,"parent":0,"menu_order":0,"comment_status":"closed","ping_status":"closed","template":"","meta":{"footnotes":""},"class_list":["post-76","page","type-page","status-publish","hentry"],"_links":{"self":[{"href":"https:\/\/eloisemarqueze-psychologue.com\/index.php\/wp-json\/wp\/v2\/pages\/76","targetHints":{"allow":["GET"]}}],"collection":[{"href":"https:\/\/eloisemarqueze-psychologue.com\/index.php\/wp-json\/wp\/v2\/pages"}],"about":[{"href":"https:\/\/eloisemarqueze-psychologue.com\/index.php\/wp-json\/wp\/v2\/types\/page"}],"author":[{"embeddable":true,"href":"https:\/\/eloisemarqueze-psychologue.com\/index.php\/wp-json\/wp\/v2\/users\/1"}],"replies":[{"embeddable":true,"href":"https:\/\/eloisemarqueze-psychologue.com\/index.php\/wp-json\/wp\/v2\/comments?post=76"}],"version-history":[{"count":59,"href":"https:\/\/eloisemarqueze-psychologue.com\/index.php\/wp-json\/wp\/v2\/pages\/76\/revisions"}],"predecessor-version":[{"id":620,"href":"https:\/\/eloisemarqueze-psychologue.com\/index.php\/wp-json\/wp\/v2\/pages\/76\/revisions\/620"}],"wp:attachment":[{"href":"https:\/\/eloisemarqueze-psychologue.com\/index.php\/wp-json\/wp\/v2\/media?parent=76"}],"curies":[{"name":"wp","href":"https:\/\/api.w.org\/{rel}","templated":true}]}}