{"id":50,"date":"2025-05-27T15:37:57","date_gmt":"2025-05-27T13:37:57","guid":{"rendered":"http:\/\/jrufsfc.cluster100.hosting.ovh.net\/?page_id=50"},"modified":"2025-11-27T10:56:53","modified_gmt":"2025-11-27T09:56:53","slug":"mon-parcours","status":"publish","type":"page","link":"https:\/\/eloisemarqueze-psychologue.com\/index.php\/mon-parcours\/","title":{"rendered":"Mon Parcours"},"content":{"rendered":"\t\t<div data-elementor-type=\"wp-page\" data-elementor-id=\"50\" class=\"elementor elementor-50\" data-elementor-post-type=\"page\">\n\t\t\t\t<div class=\"elementor-element elementor-element-c3acf00 e-con-full e-flex e-con e-parent\" data-id=\"c3acf00\" data-element_type=\"container\" data-settings=\"{&quot;background_background&quot;:&quot;gradient&quot;,&quot;position&quot;:&quot;fixed&quot;}\">\n\t\t\t\t<\/div>\n\t\t<div class=\"elementor-element elementor-element-661a88b e-flex e-con-boxed e-con e-parent\" data-id=\"661a88b\" data-element_type=\"container\">\n\t\t\t\t\t<div class=\"e-con-inner\">\n\t\t<div class=\"elementor-element elementor-element-06014ee e-con-full e-flex e-con e-child\" data-id=\"06014ee\" data-element_type=\"container\">\n\t\t\t\t<\/div>\n\t\t<div class=\"elementor-element elementor-element-db5b437 e-con-full e-flex e-con e-child\" data-id=\"db5b437\" data-element_type=\"container\">\n\t\t\t\t<div class=\"elementor-element elementor-element-48a0b76 elementor-widget elementor-widget-heading\" data-id=\"48a0b76\" data-element_type=\"widget\" data-widget_type=\"heading.default\">\n\t\t\t\t<div class=\"elementor-widget-container\">\n\t\t\t\t\t<h2 class=\"elementor-heading-title elementor-size-default\">Mon <\/h2>\t\t\t\t<\/div>\n\t\t\t\t<\/div>\n\t\t\t\t<div class=\"elementor-element elementor-element-f775671 elementor-hidden-desktop elementor-hidden-tablet elementor-widget elementor-widget-heading\" data-id=\"f775671\" data-element_type=\"widget\" data-widget_type=\"heading.default\">\n\t\t\t\t<div class=\"elementor-widget-container\">\n\t\t\t\t\t<h2 class=\"elementor-heading-title elementor-size-default\">parcours<\/h2>\t\t\t\t<\/div>\n\t\t\t\t<\/div>\n\t\t\t\t<div class=\"elementor-element elementor-element-9b7a415 elementor-hidden-mobile elementor-widget elementor-widget-heading\" data-id=\"9b7a415\" data-element_type=\"widget\" data-widget_type=\"heading.default\">\n\t\t\t\t<div class=\"elementor-widget-container\">\n\t\t\t\t\t<h2 class=\"elementor-heading-title elementor-size-default\">Mon parcours<\/h2>\t\t\t\t<\/div>\n\t\t\t\t<\/div>\n\t\t\t\t<div class=\"elementor-element elementor-element-6a258c0 elementor-widget elementor-widget-text-editor\" data-id=\"6a258c0\" data-element_type=\"widget\" data-widget_type=\"text-editor.default\">\n\t\t\t\t<div class=\"elementor-widget-container\">\n\t\t\t\t\t\t\t\t\t<p>Au fil du temps, et de mes voyages ; j\u2019ai aim\u00e9 la d\u00e9couverte, les rencontres et le partage. Quelques ann\u00e9es plus tard, j\u2019ai repris mes \u00e9tudes en Psychologie, curieuse de ce travail bas\u00e9 sur l\u2019\u00e9coute et la parole. Depuis mon dipl\u00f4me en 2012, apr\u00e8s des ann\u00e9es de formation et de pratique dans des contextes vari\u00e9s, je continue d\u2019apprendre au travers de chaque personne et d\u2019exercer avec plaisir. C\u2019est ce travail de soutien et ce lien authentique avec chacun qui est essentiel.<\/p>\t\t\t\t\t\t\t\t<\/div>\n\t\t\t\t<\/div>\n\t\t\t\t<div class=\"elementor-element elementor-element-52bd8c8 elementor-widget elementor-widget-text-editor\" data-id=\"52bd8c8\" data-element_type=\"widget\" data-widget_type=\"text-editor.default\">\n\t\t\t\t<div class=\"elementor-widget-container\">\n\t\t\t\t\t\t\t\t\t<p>Le titre de psychologue correspond \u00e0 une formation universitaire en Psychologie de 5 ann\u00e9es, valid\u00e9 par le dipl\u00f4me de Master 2 en Psychologie.<\/p>\t\t\t\t\t\t\t\t<\/div>\n\t\t\t\t<\/div>\n\t\t\t\t<div class=\"elementor-element elementor-element-3a2d4ec elementor-widget elementor-widget-text-editor\" data-id=\"3a2d4ec\" data-element_type=\"widget\" data-widget_type=\"text-editor.default\">\n\t\t\t\t<div class=\"elementor-widget-container\">\n\t\t\t\t\t\t\t\t\t<p>Accompagnement de probl\u00e9matiques de l\u2019adulte et de l\u2019adolescent : \u00e9v\u00e8nements traumatiques, deuil, d\u00e9pression, stress, anxi\u00e9t\u00e9, phobie, s\u00e9parations, isolement, manque de confiance en soi, difficult\u00e9 relationnelles, professionnelles, addictions&#8230;<\/p>\t\t\t\t\t\t\t\t<\/div>\n\t\t\t\t<\/div>\n\t\t\t\t<\/div>\n\t\t\t\t\t<\/div>\n\t\t\t\t<\/div>\n\t\t<div class=\"elementor-element elementor-element-6dfa731 e-con-full e-flex e-con e-parent\" data-id=\"6dfa731\" data-element_type=\"container\">\n\t\t<div class=\"elementor-element elementor-element-d01c810 e-con-full e-flex e-con e-child\" data-id=\"d01c810\" data-element_type=\"container\" data-settings=\"{&quot;background_background&quot;:&quot;classic&quot;}\">\n\t\t\t\t<div class=\"elementor-element elementor-element-02738e1 elementor-widget elementor-widget-image\" data-id=\"02738e1\" data-element_type=\"widget\" data-widget_type=\"image.default\">\n\t\t\t\t<div class=\"elementor-widget-container\">\n\t\t\t\t\t\t\t\t\t\t\t\t\t\t\t<img fetchpriority=\"high\" decoding=\"async\" width=\"1920\" height=\"1150\" src=\"https:\/\/eloisemarqueze-psychologue.com\/wp-content\/uploads\/2025\/05\/mon-parcours-psychologue.jpg\" class=\"attachment-full size-full wp-image-66\" alt=\"\" srcset=\"https:\/\/eloisemarqueze-psychologue.com\/wp-content\/uploads\/2025\/05\/mon-parcours-psychologue.jpg 1920w, https:\/\/eloisemarqueze-psychologue.com\/wp-content\/uploads\/2025\/05\/mon-parcours-psychologue-300x180.jpg 300w, https:\/\/eloisemarqueze-psychologue.com\/wp-content\/uploads\/2025\/05\/mon-parcours-psychologue-1024x613.jpg 1024w, https:\/\/eloisemarqueze-psychologue.com\/wp-content\/uploads\/2025\/05\/mon-parcours-psychologue-768x460.jpg 768w, https:\/\/eloisemarqueze-psychologue.com\/wp-content\/uploads\/2025\/05\/mon-parcours-psychologue-1536x920.jpg 1536w\" sizes=\"(max-width: 1920px) 100vw, 1920px\" \/>\t\t\t\t\t\t\t\t\t\t\t\t\t\t\t<\/div>\n\t\t\t\t<\/div>\n\t\t\t\t<\/div>\n\t\t<div class=\"elementor-element elementor-element-4ef73de e-con-full e-flex e-con e-child\" data-id=\"4ef73de\" data-element_type=\"container\">\n\t\t\t\t<\/div>\n\t\t\t\t<\/div>\n\t\t<div class=\"elementor-element elementor-element-b74c55f e-con-full e-flex e-con e-parent\" data-id=\"b74c55f\" data-element_type=\"container\">\n\t\t<div class=\"elementor-element elementor-element-26afe08 e-con-full e-flex e-con e-child\" data-id=\"26afe08\" data-element_type=\"container\" data-settings=\"{&quot;background_background&quot;:&quot;classic&quot;}\">\n\t\t\t\t<div class=\"elementor-element elementor-element-8fc4e9b elementor-hidden-desktop elementor-hidden-tablet elementor-widget elementor-widget-heading\" data-id=\"8fc4e9b\" data-element_type=\"widget\" data-widget_type=\"heading.default\">\n\t\t\t\t<div class=\"elementor-widget-container\">\n\t\t\t\t\t<h2 class=\"elementor-heading-title elementor-size-default\">Marqu\u00e8ze<\/h2>\t\t\t\t<\/div>\n\t\t\t\t<\/div>\n\t\t\t\t<div class=\"elementor-element elementor-element-07c61d6 elementor-widget elementor-widget-heading\" data-id=\"07c61d6\" data-element_type=\"widget\" data-widget_type=\"heading.default\">\n\t\t\t\t<div class=\"elementor-widget-container\">\n\t\t\t\t\t<h2 class=\"elementor-heading-title elementor-size-default\">\u00c9lo\u00efse<\/h2>\t\t\t\t<\/div>\n\t\t\t\t<\/div>\n\t\t\t\t<div class=\"elementor-element elementor-element-ddcf111 elementor-widget elementor-widget-heading\" data-id=\"ddcf111\" data-element_type=\"widget\" data-widget_type=\"heading.default\">\n\t\t\t\t<div class=\"elementor-widget-container\">\n\t\t\t\t\t<h2 class=\"elementor-heading-title elementor-size-default\">Interventions<\/h2>\t\t\t\t<\/div>\n\t\t\t\t<\/div>\n\t\t\t\t<div class=\"elementor-element elementor-element-a4eebe6 elementor-widget elementor-widget-text-editor\" data-id=\"a4eebe6\" data-element_type=\"widget\" data-widget_type=\"text-editor.default\">\n\t\t\t\t<div class=\"elementor-widget-container\">\n\t\t\t\t\t\t\t\t\t<ul>\n \t<li>\n<p class=\"p1\"><strong>Association Addiction France : <\/strong>Centre de Soin d\u2019Accompagnement et de Pr\u00e9vention en Addictologie (CSAPA). Centre de d\u00e9tention, programme de promotion de la sant\u00e9 en milieu carc\u00e9ral.\n<\/p><\/li>\n \t<li>\n<p class=\"p1\">\n<strong>GROUPE SOS Solidarit\u00e9, Habitat et soins :<\/strong>\nService d\u2019Accompagnement M\u00e9dicosocial pour Adultes Handicap\u00e9s, SAMSAH.<\/li>\n<\/p>\n<\/ul>\n<ul>\n \t<li>\n<p class=\"p1\"><strong>Emma\u00fcs Gironde :<\/strong>\nMaison relais\/ CHRS\/ H\u00e9bergement d\u2019urgence; Public compos\u00e9 de personnes sans domicile fixe, demandeurs d\u2019asile et migrants.\n<\/p><\/li>\n \t<li><strong>Mission locale Technowest :<\/strong>\npublic d\u2019 adolescents et de jeunes adultes (16-25 ans).<\/li>\n<\/ul>\t\t\t\t\t\t\t\t<\/div>\n\t\t\t\t<\/div>\n\t\t\t\t<\/div>\n\t\t<div class=\"elementor-element elementor-element-1c06c57 e-con-full e-flex e-con e-child\" data-id=\"1c06c57\" data-element_type=\"container\">\n\t\t\t\t<div class=\"elementor-element elementor-element-c779757 elementor-hidden-mobile elementor-widget elementor-widget-heading\" data-id=\"c779757\" data-element_type=\"widget\" data-widget_type=\"heading.default\">\n\t\t\t\t<div class=\"elementor-widget-container\">\n\t\t\t\t\t<h2 class=\"elementor-heading-title elementor-size-default\">Marqu\u00e8ze<\/h2>\t\t\t\t<\/div>\n\t\t\t\t<\/div>\n\t\t\t\t<div class=\"elementor-element elementor-element-d8993cb elementor-widget elementor-widget-heading\" data-id=\"d8993cb\" data-element_type=\"widget\" data-widget_type=\"heading.default\">\n\t\t\t\t<div class=\"elementor-widget-container\">\n\t\t\t\t\t<h2 class=\"elementor-heading-title elementor-size-default\">Formations <\/h2>\t\t\t\t<\/div>\n\t\t\t\t<\/div>\n\t\t\t\t<div class=\"elementor-element elementor-element-7f2dbe5 elementor-widget elementor-widget-text-editor\" data-id=\"7f2dbe5\" data-element_type=\"widget\" data-widget_type=\"text-editor.default\">\n\t\t\t\t<div class=\"elementor-widget-container\">\n\t\t\t\t\t\t\t\t\t<ul>\n \t<li>\n<p class=\"p1\"><strong>Formations Universitaires :<\/strong>\nMaster 2 Professionnel de Psychologie sp\u00e9cialit\u00e9 Education, D\u00e9veloppement et Handicap de la petite enfance \u00e0 l\u2019adolescence \u00e0 l\u2019Universit\u00e9 Bordeaux 2. <br>Dipl\u00f4me d\u2019 Universit\u00e9 d\u2019Addictologie avec et sans substances \u00e0 l\u2019Universit\u00e9 de Bordeaux 2.<br>\n Dipl\u00f4me Universitaire en Psycho-g\u00e9rontologie \u00e0 l\u2019Universit\u00e9 de Bordeaux 2.\n<\/p><\/li>\n \t<li>\n<p class=\"p1\"><strong>Formations compl\u00e9mentaires en psychoth\u00e9rapie :<\/strong>\u00a0Formation en Psychologie syst\u00e9mique et int\u00e9grative, cursus corps et \u00e9motions.\n<\/p>\n<p class=\"p1\">. Certificat de validation formation EMDR (niveau 1 et 2), form\u00e9e \u00e0 l\u2019EFPE (Ecole fran\u00e7aise de psychoth\u00e9rapie EMDR).<\/p>\n<p class=\"p1\">. ICV (niveau 1), form\u00e9e \u00e0 l\u2019institut Double H\u00e9lice.<\/p>\n<p class=\"p1\">. Th\u00e9rapie sexo fonctionnelle, form\u00e9e par le Dr Fran\u00e7ois de Carufel.<\/p>\n<p class=\"p1\">. Th\u00e9rapie cognitive et comportementale, form\u00e9e \u00e0 l\u2019IRCCADE (Institut de Recherche Comportementale sur l\u2019Anxi\u00e9t\u00e9 et la D\u00e9pression).<\/p>\n<p class=\"p1\">. Th\u00e9rapie des Sch\u00e9mas, form\u00e9e au CEFTI (Centre d\u2019Etude et de Formation \u00e0 la Th\u00e9rapie Int\u00e9grative).<\/p>\n<\/li>\n<\/ul>\t\t\t\t\t\t\t\t<\/div>\n\t\t\t\t<\/div>\n\t\t\t\t<\/div>\n\t\t\t\t<\/div>\n\t\t\t\t<\/div>\n\t\t","protected":false},"excerpt":{"rendered":"<p>Mon parcours Mon parcours Au fil du temps, et de mes voyages ; j\u2019ai aim\u00e9 la d\u00e9couverte, les rencontres et le partage. Quelques ann\u00e9es plus tard, j\u2019ai repris mes \u00e9tudes en Psychologie, curieuse de ce travail bas\u00e9 sur l\u2019\u00e9coute et la parole. Depuis mon dipl\u00f4me en 2012, apr\u00e8s des ann\u00e9es de formation et de pratique [&hellip;]<\/p>\n","protected":false},"author":1,"featured_media":0,"parent":0,"menu_order":0,"comment_status":"closed","ping_status":"closed","template":"","meta":{"footnotes":""},"class_list":["post-50","page","type-page","status-publish","hentry"],"_links":{"self":[{"href":"https:\/\/eloisemarqueze-psychologue.com\/index.php\/wp-json\/wp\/v2\/pages\/50","targetHints":{"allow":["GET"]}}],"collection":[{"href":"https:\/\/eloisemarqueze-psychologue.com\/index.php\/wp-json\/wp\/v2\/pages"}],"about":[{"href":"https:\/\/eloisemarqueze-psychologue.com\/index.php\/wp-json\/wp\/v2\/types\/page"}],"author":[{"embeddable":true,"href":"https:\/\/eloisemarqueze-psychologue.com\/index.php\/wp-json\/wp\/v2\/users\/1"}],"replies":[{"embeddable":true,"href":"https:\/\/eloisemarqueze-psychologue.com\/index.php\/wp-json\/wp\/v2\/comments?post=50"}],"version-history":[{"count":79,"href":"https:\/\/eloisemarqueze-psychologue.com\/index.php\/wp-json\/wp\/v2\/pages\/50\/revisions"}],"predecessor-version":[{"id":614,"href":"https:\/\/eloisemarqueze-psychologue.com\/index.php\/wp-json\/wp\/v2\/pages\/50\/revisions\/614"}],"wp:attachment":[{"href":"https:\/\/eloisemarqueze-psychologue.com\/index.php\/wp-json\/wp\/v2\/media?parent=50"}],"curies":[{"name":"wp","href":"https:\/\/api.w.org\/{rel}","templated":true}]}}