{"id":388,"date":"2025-06-05T18:55:54","date_gmt":"2025-06-05T16:55:54","guid":{"rendered":"http:\/\/jrufsfc.cluster100.hosting.ovh.net\/?page_id=388"},"modified":"2025-11-27T11:13:38","modified_gmt":"2025-11-27T10:13:38","slug":"articles","status":"publish","type":"page","link":"https:\/\/eloisemarqueze-psychologue.com\/index.php\/articles\/","title":{"rendered":"Articles"},"content":{"rendered":"\t\t<div data-elementor-type=\"wp-page\" data-elementor-id=\"388\" class=\"elementor elementor-388\" data-elementor-post-type=\"page\">\n\t\t\t\t<div class=\"elementor-element elementor-element-a5efcd9 e-flex e-con-boxed e-con e-parent\" data-id=\"a5efcd9\" data-element_type=\"container\">\n\t\t\t\t\t<div class=\"e-con-inner\">\n\t\t<div class=\"elementor-element elementor-element-d6b64a4 e-con-full e-flex e-con e-child\" data-id=\"d6b64a4\" data-element_type=\"container\">\n\t\t\t\t<div class=\"elementor-element elementor-element-f9b8e0f elementor-widget elementor-widget-heading\" data-id=\"f9b8e0f\" data-element_type=\"widget\" data-widget_type=\"heading.default\">\n\t\t\t\t<div class=\"elementor-widget-container\">\n\t\t\t\t\t<h2 class=\"elementor-heading-title elementor-size-default\">Articles<\/h2>\t\t\t\t<\/div>\n\t\t\t\t<\/div>\n\t\t\t\t<\/div>\n\t\t<div class=\"elementor-element elementor-element-d1b7194 e-con-full e-flex e-con e-child\" data-id=\"d1b7194\" data-element_type=\"container\">\n\t\t\t\t<div class=\"elementor-element elementor-element-3002fd7 elementor-widget-divider--view-line elementor-widget elementor-widget-divider\" data-id=\"3002fd7\" data-element_type=\"widget\" data-widget_type=\"divider.default\">\n\t\t\t\t<div class=\"elementor-widget-container\">\n\t\t\t\t\t\t\t<div class=\"elementor-divider\">\n\t\t\t<span class=\"elementor-divider-separator\">\n\t\t\t\t\t\t<\/span>\n\t\t<\/div>\n\t\t\t\t\t\t<\/div>\n\t\t\t\t<\/div>\n\t\t\t\t<div class=\"elementor-element elementor-element-1b397fb elementor-widget elementor-widget-text-editor\" data-id=\"1b397fb\" data-element_type=\"widget\" data-widget_type=\"text-editor.default\">\n\t\t\t\t<div class=\"elementor-widget-container\">\n\t\t\t\t\t\t\t\t\t<p>Retrouvez sur cette page un blog d&rsquo;articles en lien avec mon travail.<\/p>\t\t\t\t\t\t\t\t<\/div>\n\t\t\t\t<\/div>\n\t\t\t\t<\/div>\n\t\t\t\t\t<\/div>\n\t\t\t\t<\/div>\n\t\t<div class=\"elementor-element elementor-element-f91de3e e-flex e-con-boxed e-con e-parent\" data-id=\"f91de3e\" data-element_type=\"container\" data-settings=\"{&quot;background_background&quot;:&quot;classic&quot;}\">\n\t\t\t\t\t<div class=\"e-con-inner\">\n\t\t\t\t<div class=\"elementor-element elementor-element-3c80fd9 elementor-grid-2 elementor-grid-tablet-2 elementor-grid-mobile-1 elementor-widget elementor-widget-loop-grid\" data-id=\"3c80fd9\" data-element_type=\"widget\" data-settings=\"{&quot;template_id&quot;:435,&quot;columns&quot;:2,&quot;_skin&quot;:&quot;post&quot;,&quot;columns_tablet&quot;:&quot;2&quot;,&quot;columns_mobile&quot;:&quot;1&quot;,&quot;edit_handle_selector&quot;:&quot;[data-elementor-type=\\&quot;loop-item\\&quot;]&quot;,&quot;row_gap&quot;:{&quot;unit&quot;:&quot;px&quot;,&quot;size&quot;:&quot;&quot;,&quot;sizes&quot;:[]},&quot;row_gap_tablet&quot;:{&quot;unit&quot;:&quot;px&quot;,&quot;size&quot;:&quot;&quot;,&quot;sizes&quot;:[]},&quot;row_gap_mobile&quot;:{&quot;unit&quot;:&quot;px&quot;,&quot;size&quot;:&quot;&quot;,&quot;sizes&quot;:[]}}\" data-widget_type=\"loop-grid.post\">\n\t\t\t\t<div class=\"elementor-widget-container\">\n\t\t\t\t\t\t\t<div class=\"elementor-loop-container elementor-grid\">\n\t\t<style id=\"loop-435\">.elementor-435 .elementor-element.elementor-element-08c928c{--display:flex;border-style:solid;--border-style:solid;border-width:2px 2px 2px 2px;--border-top-width:2px;--border-right-width:2px;--border-bottom-width:2px;--border-left-width:2px;border-color:var( --e-global-color-4822012 );--border-color:var( --e-global-color-4822012 );--border-radius:0px 0px 0px 0px;--padding-top:30px;--padding-bottom:30px;--padding-left:30px;--padding-right:30px;}.elementor-435 .elementor-element.elementor-element-08c928c:not(.elementor-motion-effects-element-type-background), .elementor-435 .elementor-element.elementor-element-08c928c > .elementor-motion-effects-container > .elementor-motion-effects-layer{background-color:var( --e-global-color-bf0804f );}.elementor-widget-theme-post-title .elementor-heading-title{font-family:var( --e-global-typography-primary-font-family ), Sans-serif;font-weight:var( --e-global-typography-primary-font-weight );color:var( --e-global-color-primary );}.elementor-435 .elementor-element.elementor-element-1b08ef4 .elementor-heading-title{font-family:\"SignPainter\", Sans-serif;font-size:69px;font-weight:600;color:var( --e-global-color-4822012 );}.elementor-widget-theme-post-excerpt .elementor-widget-container{color:var( --e-global-color-text );font-family:var( --e-global-typography-text-font-family ), Sans-serif;font-weight:var( --e-global-typography-text-font-weight );}.elementor-435 .elementor-element.elementor-element-b8baefb .elementor-widget-container{text-align:justify;color:var( --e-global-color-3d28b78 );}.elementor-widget-button .elementor-button{background-color:var( --e-global-color-accent );font-family:var( --e-global-typography-accent-font-family ), Sans-serif;font-weight:var( --e-global-typography-accent-font-weight );}.elementor-435 .elementor-element.elementor-element-fcb0a8f .elementor-button{background-color:var( --e-global-color-4822012 );fill:var( --e-global-color-bf0804f );color:var( --e-global-color-bf0804f );}.elementor-435 .elementor-element.elementor-element-fcb0a8f > .elementor-widget-container{margin:0px 0px 0px 0px;padding:0px 0px 0px 0px;}<\/style>\t\t<div data-elementor-type=\"loop-item\" data-elementor-id=\"435\" class=\"elementor elementor-435 e-loop-item e-loop-item-588 post-588 post type-post status-publish format-standard hentry category-non-classe\" data-elementor-post-type=\"elementor_library\" data-custom-edit-handle=\"1\">\n\t\t\t<div class=\"elementor-element elementor-element-08c928c e-flex e-con-boxed e-con e-parent\" data-id=\"08c928c\" data-element_type=\"container\" data-settings=\"{&quot;background_background&quot;:&quot;classic&quot;}\">\n\t\t\t\t\t<div class=\"e-con-inner\">\n\t\t\t\t<div class=\"elementor-element elementor-element-1b08ef4 elementor-widget elementor-widget-theme-post-title elementor-page-title elementor-widget-heading\" data-id=\"1b08ef4\" data-element_type=\"widget\" data-widget_type=\"theme-post-title.default\">\n\t\t\t\t<div class=\"elementor-widget-container\">\n\t\t\t\t\t<h1 class=\"elementor-heading-title elementor-size-default\">D\u00e8s le d\u00e9but de la vie :\u00a0le syst\u00e8me d\u2019attachement<\/h1>\t\t\t\t<\/div>\n\t\t\t\t<\/div>\n\t\t\t\t<div class=\"elementor-element elementor-element-b8baefb elementor-widget elementor-widget-theme-post-excerpt\" data-id=\"b8baefb\" data-element_type=\"widget\" data-widget_type=\"theme-post-excerpt.default\">\n\t\t\t\t<div class=\"elementor-widget-container\">\n\t\t\t\t\t<p>La Th\u00e9orie de l\u2019attachement permet de d\u00e9finir les diff\u00e9rents styles relationnels entre les \u00eatres humains et \u00e9tudient les premiers liens instinctifs qui s\u2019instaurent entre le b\u00e9b\u00e9 et ses proches. Elle...\t\t\t\t<\/div>\n\t\t\t\t<\/div>\n\t\t\t\t<div class=\"elementor-element elementor-element-fcb0a8f elementor-align-right elementor-widget elementor-widget-button\" data-id=\"fcb0a8f\" data-element_type=\"widget\" data-widget_type=\"button.default\">\n\t\t\t\t<div class=\"elementor-widget-container\">\n\t\t\t\t\t\t\t\t\t<div class=\"elementor-button-wrapper\">\n\t\t\t\t\t<a class=\"elementor-button elementor-button-link elementor-size-sm\" href=\"https:\/\/eloisemarqueze-psychologue.com\/index.php\/2025\/11\/17\/emdr-3-2-2-2\/\">\n\t\t\t\t\t\t<span class=\"elementor-button-content-wrapper\">\n\t\t\t\t\t\t\t\t\t<span class=\"elementor-button-text\">voir +<\/span>\n\t\t\t\t\t<\/span>\n\t\t\t\t\t<\/a>\n\t\t\t\t<\/div>\n\t\t\t\t\t\t\t\t<\/div>\n\t\t\t\t<\/div>\n\t\t\t\t\t<\/div>\n\t\t\t\t<\/div>\n\t\t\t\t<\/div>\n\t\t\t\t<div data-elementor-type=\"loop-item\" data-elementor-id=\"435\" class=\"elementor elementor-435 e-loop-item e-loop-item-538 post-538 post type-post status-publish format-standard hentry category-non-classe\" data-elementor-post-type=\"elementor_library\" data-custom-edit-handle=\"1\">\n\t\t\t<div class=\"elementor-element elementor-element-08c928c e-flex e-con-boxed e-con e-parent\" data-id=\"08c928c\" data-element_type=\"container\" data-settings=\"{&quot;background_background&quot;:&quot;classic&quot;}\">\n\t\t\t\t\t<div class=\"e-con-inner\">\n\t\t\t\t<div class=\"elementor-element elementor-element-1b08ef4 elementor-widget elementor-widget-theme-post-title elementor-page-title elementor-widget-heading\" data-id=\"1b08ef4\" data-element_type=\"widget\" data-widget_type=\"theme-post-title.default\">\n\t\t\t\t<div class=\"elementor-widget-container\">\n\t\t\t\t\t<h1 class=\"elementor-heading-title elementor-size-default\">C\u2019est quoi La Th\u00e9rapie des sch\u00e9mas ?<\/h1>\t\t\t\t<\/div>\n\t\t\t\t<\/div>\n\t\t\t\t<div class=\"elementor-element elementor-element-b8baefb elementor-widget elementor-widget-theme-post-excerpt\" data-id=\"b8baefb\" data-element_type=\"widget\" data-widget_type=\"theme-post-excerpt.default\">\n\t\t\t\t<div class=\"elementor-widget-container\">\n\t\t\t\t\t<p>\u00ab Toutes les grandes personnes ont d\u2019abord \u00e9t\u00e9 des enfants mais peu d\u2019entre elles s\u2019en souviennent \u00bb. Antoine de St-Exupery. Avant l\u2019\u00e2ge de 6 ans, l\u2019enfant est particuli\u00e8rement vuln\u00e9rable et...\t\t\t\t<\/div>\n\t\t\t\t<\/div>\n\t\t\t\t<div class=\"elementor-element elementor-element-fcb0a8f elementor-align-right elementor-widget elementor-widget-button\" data-id=\"fcb0a8f\" data-element_type=\"widget\" data-widget_type=\"button.default\">\n\t\t\t\t<div class=\"elementor-widget-container\">\n\t\t\t\t\t\t\t\t\t<div class=\"elementor-button-wrapper\">\n\t\t\t\t\t<a class=\"elementor-button elementor-button-link elementor-size-sm\" href=\"https:\/\/eloisemarqueze-psychologue.com\/index.php\/2025\/06\/13\/emdr-3-2-2\/\">\n\t\t\t\t\t\t<span class=\"elementor-button-content-wrapper\">\n\t\t\t\t\t\t\t\t\t<span class=\"elementor-button-text\">voir +<\/span>\n\t\t\t\t\t<\/span>\n\t\t\t\t\t<\/a>\n\t\t\t\t<\/div>\n\t\t\t\t\t\t\t\t<\/div>\n\t\t\t\t<\/div>\n\t\t\t\t\t<\/div>\n\t\t\t\t<\/div>\n\t\t\t\t<\/div>\n\t\t\t\t<\/div>\n\t\t\n\t\t\t\t\t\t<\/div>\n\t\t\t\t<\/div>\n\t\t\t\t\t<\/div>\n\t\t\t\t<\/div>\n\t\t\t\t<\/div>\n\t\t","protected":false},"excerpt":{"rendered":"<p>Articles Retrouvez sur cette page un blog d&rsquo;articles en lien avec mon travail.<\/p>\n","protected":false},"author":1,"featured_media":0,"parent":0,"menu_order":0,"comment_status":"closed","ping_status":"closed","template":"","meta":{"footnotes":""},"class_list":["post-388","page","type-page","status-publish","hentry"],"_links":{"self":[{"href":"https:\/\/eloisemarqueze-psychologue.com\/index.php\/wp-json\/wp\/v2\/pages\/388","targetHints":{"allow":["GET"]}}],"collection":[{"href":"https:\/\/eloisemarqueze-psychologue.com\/index.php\/wp-json\/wp\/v2\/pages"}],"about":[{"href":"https:\/\/eloisemarqueze-psychologue.com\/index.php\/wp-json\/wp\/v2\/types\/page"}],"author":[{"embeddable":true,"href":"https:\/\/eloisemarqueze-psychologue.com\/index.php\/wp-json\/wp\/v2\/users\/1"}],"replies":[{"embeddable":true,"href":"https:\/\/eloisemarqueze-psychologue.com\/index.php\/wp-json\/wp\/v2\/comments?post=388"}],"version-history":[{"count":67,"href":"https:\/\/eloisemarqueze-psychologue.com\/index.php\/wp-json\/wp\/v2\/pages\/388\/revisions"}],"predecessor-version":[{"id":627,"href":"https:\/\/eloisemarqueze-psychologue.com\/index.php\/wp-json\/wp\/v2\/pages\/388\/revisions\/627"}],"wp:attachment":[{"href":"https:\/\/eloisemarqueze-psychologue.com\/index.php\/wp-json\/wp\/v2\/media?parent=388"}],"curies":[{"name":"wp","href":"https:\/\/api.w.org\/{rel}","templated":true}]}}