{"id":211,"date":"2025-05-27T15:50:31","date_gmt":"2025-05-27T13:50:31","guid":{"rendered":"http:\/\/jrufsfc.cluster100.hosting.ovh.net\/?page_id=211"},"modified":"2025-11-14T12:19:41","modified_gmt":"2025-11-14T11:19:41","slug":"la-therapie","status":"publish","type":"page","link":"https:\/\/eloisemarqueze-psychologue.com\/index.php\/la-therapie\/","title":{"rendered":"La Th\u00e9rapie"},"content":{"rendered":"\t\t<div data-elementor-type=\"wp-page\" data-elementor-id=\"211\" class=\"elementor elementor-211\" data-elementor-post-type=\"page\">\n\t\t\t\t<div class=\"elementor-element elementor-element-3d3c94a e-flex e-con-boxed e-con e-parent\" data-id=\"3d3c94a\" data-element_type=\"container\" data-settings=\"{&quot;background_background&quot;:&quot;classic&quot;}\">\n\t\t\t\t\t<div class=\"e-con-inner\">\n\t\t\t\t<div class=\"elementor-element elementor-element-c0720f8 elementor-widget elementor-widget-heading\" data-id=\"c0720f8\" data-element_type=\"widget\" data-widget_type=\"heading.default\">\n\t\t\t\t<div class=\"elementor-widget-container\">\n\t\t\t\t\t<h2 class=\"elementor-heading-title elementor-size-default\">La Th\u00e9rapie <\/h2>\t\t\t\t<\/div>\n\t\t\t\t<\/div>\n\t\t\t\t<div class=\"elementor-element elementor-element-a80dbbd elementor-widget elementor-widget-text-editor\" data-id=\"a80dbbd\" data-element_type=\"widget\" data-widget_type=\"text-editor.default\">\n\t\t\t\t<div class=\"elementor-widget-container\">\n\t\t\t\t\t\t\t\t\t<p>J\u2019accompagne des\u00a0<strong>adolescents<\/strong>\u00a0et\u00a0<strong>des adultes<\/strong>, en\u00a0<strong>psychoth\u00e9rapie individuelle<\/strong>. Je suis \u00e9galement sp\u00e9cialis\u00e9e dans l\u2019accompagnement des personnes qui souffrent d\u2019addictions.\u00a0<\/p><p>Ma pratique est int\u00e9grative, c\u2019est \u00e0 dire que je peux me r\u00e9f\u00e9rer \u00e0 diff\u00e9rentes approches th\u00e9rapeutiques et outils d\u2019accompagnement. Le principe est de \u00ab d\u00e9cloisonner \u00bb les diff\u00e9rentes techniques en psychoth\u00e9rapies pour mieux adapter l\u2019accompagnement \u00e0 chaque personne.<\/p>\t\t\t\t\t\t\t\t<\/div>\n\t\t\t\t<\/div>\n\t\t\t\t\t<\/div>\n\t\t\t\t<\/div>\n\t\t<div class=\"elementor-element elementor-element-e794a8b e-flex e-con-boxed e-con e-parent\" data-id=\"e794a8b\" data-element_type=\"container\">\n\t\t\t\t\t<div class=\"e-con-inner\">\n\t\t<div class=\"elementor-element elementor-element-efdd53e e-con-full e-flex e-con e-child\" data-id=\"efdd53e\" data-element_type=\"container\">\n\t\t\t\t<div class=\"elementor-element elementor-element-6e68f4c elementor-widget elementor-widget-image\" data-id=\"6e68f4c\" data-element_type=\"widget\" data-widget_type=\"image.default\">\n\t\t\t\t<div class=\"elementor-widget-container\">\n\t\t\t\t\t\t\t\t\t\t\t\t\t\t\t<img fetchpriority=\"high\" decoding=\"async\" width=\"1920\" height=\"1276\" src=\"https:\/\/eloisemarqueze-psychologue.com\/wp-content\/uploads\/2025\/05\/psychologue-therapie-bg.jpg\" class=\"attachment-full size-full wp-image-222\" alt=\"jeune fille avec feux d&#039;artifices\" srcset=\"https:\/\/eloisemarqueze-psychologue.com\/wp-content\/uploads\/2025\/05\/psychologue-therapie-bg.jpg 1920w, https:\/\/eloisemarqueze-psychologue.com\/wp-content\/uploads\/2025\/05\/psychologue-therapie-bg-300x199.jpg 300w, https:\/\/eloisemarqueze-psychologue.com\/wp-content\/uploads\/2025\/05\/psychologue-therapie-bg-1024x681.jpg 1024w, https:\/\/eloisemarqueze-psychologue.com\/wp-content\/uploads\/2025\/05\/psychologue-therapie-bg-768x510.jpg 768w, https:\/\/eloisemarqueze-psychologue.com\/wp-content\/uploads\/2025\/05\/psychologue-therapie-bg-1536x1021.jpg 1536w\" sizes=\"(max-width: 1920px) 100vw, 1920px\" \/>\t\t\t\t\t\t\t\t\t\t\t\t\t\t\t<\/div>\n\t\t\t\t<\/div>\n\t\t\t\t<div class=\"elementor-element elementor-element-d5dbb65 elementor-absolute elementor-widget elementor-widget-heading\" data-id=\"d5dbb65\" data-element_type=\"widget\" data-settings=\"{&quot;_position&quot;:&quot;absolute&quot;}\" data-widget_type=\"heading.default\">\n\t\t\t\t<div class=\"elementor-widget-container\">\n\t\t\t\t\t<h2 class=\"elementor-heading-title elementor-size-default\">EMDR<\/h2>\t\t\t\t<\/div>\n\t\t\t\t<\/div>\n\t\t\t\t<div class=\"elementor-element elementor-element-d4d43e3 elementor-absolute elementor-widget elementor-widget-heading\" data-id=\"d4d43e3\" data-element_type=\"widget\" data-settings=\"{&quot;_position&quot;:&quot;absolute&quot;}\" data-widget_type=\"heading.default\">\n\t\t\t\t<div class=\"elementor-widget-container\">\n\t\t\t\t\t<h2 class=\"elementor-heading-title elementor-size-default\">TCC<\/h2>\t\t\t\t<\/div>\n\t\t\t\t<\/div>\n\t\t\t\t<div class=\"elementor-element elementor-element-025ed6c elementor-widget elementor-widget-text-editor\" data-id=\"025ed6c\" data-element_type=\"widget\" data-widget_type=\"text-editor.default\">\n\t\t\t\t<div class=\"elementor-widget-container\">\n\t\t\t\t\t\t\t\t\t<p>L\u2019<strong>EMDR<\/strong>\u00a0est une m\u00e9thode de\u00a0<strong>traitement du psycho-traumatisme<\/strong>. Quand notre cerveau est d\u00e9pass\u00e9 par un choc, il peut ne pas traiter l\u2019information comme il le fait ordinairement et reste bloqu\u00e9 sur l\u2019\u00e9v\u00e8nement. Ainsi, des images, des \u00e9motions, et sensations qui lui sont li\u00e9es sont stock\u00e9es et pr\u00eates \u00e0 se r\u00e9activer au moindre d\u00e9clencheur.<br \/><br \/>Il peut s\u2019agir de\u00a0<strong>traumatismes \u00ab \u00e9vidents \u00bb, avec un grand \u00ab T \u00bb<\/strong>\u00a0tels que les violences physiques et psychologiques, les abus sexuels, les accidents graves, les maladies graves, les incendies, les catastrophes naturelles, les attentats&#8230; mais aussi d\u2019\u00e9v\u00e8nements de vie difficiles ou\u00a0<strong>traumatismes avec un petit \u00ab t \u00bb<\/strong>\u00a0qui\u00a0<strong>peuvent \u00eatre la source d\u2019\u00e9motions ou de comportements inadapt\u00e9s ou excessifs dans la vie quotidienne<\/strong>\u00a0(enfance perturb\u00e9e, s\u00e9paration, fausse couche, harc\u00e8lement, deuils, difficult\u00e9s professionnelles, s\u00e9parations&#8230;).<br \/><br \/>A l\u2019aide d\u2019un protocole bien pr\u00e9cis et de stimulation bilat\u00e9rales altern\u00e9es (mouvements occulaires, sons, tapping&#8230;), l\u2019\u00a0<strong>EMDR<\/strong>\u00a0permet de traiter le traumatisme, m\u00eame des ann\u00e9es apr\u00e8s. Il s\u2019agit d\u2019une\u00a0<strong>th\u00e9rapie puissante<\/strong>\u00a0et efficace dont la pratique est r\u00e9gie par un cadre l\u00e9gal. L\u2019EMDR est aussi utilis\u00e9 dans le\u00a0<strong>traitement des phobies, des addictions, des troubles du comportements alimentaires, des attaques de paniques, de la d\u00e9pression&#8230;<\/strong><br \/><br \/>La th\u00e9rapie EMDR est aujourd\u2019hui mondialement reconnue par la communaut\u00e9 scientifique, elle est recommand\u00e9e pour le traitement de l\u2019\u00e9tat de stress post- traumatique, du stress aig\u00fce et du deuil, par l\u2019Organisation Mondiale de la Sant\u00e9, OMS, depuis juin 2013. Elle est \u00e9galement reconnue en France par le Haute Autorit\u00e9 de Sant\u00e9, HAS, depuis 2007 et valid\u00e9e par l\u2019INSERM depuis 2004.<br \/><br \/>En savoir plus sur l\u2019EMDR :\u00a0<a href=\"https:\/\/www.emdr-france.org\/\">www.emdr-france.org<\/a><\/p>\t\t\t\t\t\t\t\t<\/div>\n\t\t\t\t<\/div>\n\t\t\t\t<\/div>\n\t\t<div class=\"elementor-element elementor-element-503a58b e-con-full e-flex e-con e-child\" data-id=\"503a58b\" data-element_type=\"container\">\n\t\t\t\t<div class=\"elementor-element elementor-element-f705a51 elementor-widget elementor-widget-image\" data-id=\"f705a51\" data-element_type=\"widget\" data-widget_type=\"image.default\">\n\t\t\t\t<div class=\"elementor-widget-container\">\n\t\t\t\t\t\t\t\t\t\t\t\t\t\t\t<img fetchpriority=\"high\" decoding=\"async\" width=\"1920\" height=\"1276\" src=\"https:\/\/eloisemarqueze-psychologue.com\/wp-content\/uploads\/2025\/05\/psychologue-therapie-bg.jpg\" class=\"attachment-full size-full wp-image-222\" alt=\"jeune fille avec feux d&#039;artifices\" srcset=\"https:\/\/eloisemarqueze-psychologue.com\/wp-content\/uploads\/2025\/05\/psychologue-therapie-bg.jpg 1920w, https:\/\/eloisemarqueze-psychologue.com\/wp-content\/uploads\/2025\/05\/psychologue-therapie-bg-300x199.jpg 300w, https:\/\/eloisemarqueze-psychologue.com\/wp-content\/uploads\/2025\/05\/psychologue-therapie-bg-1024x681.jpg 1024w, https:\/\/eloisemarqueze-psychologue.com\/wp-content\/uploads\/2025\/05\/psychologue-therapie-bg-768x510.jpg 768w, https:\/\/eloisemarqueze-psychologue.com\/wp-content\/uploads\/2025\/05\/psychologue-therapie-bg-1536x1021.jpg 1536w\" sizes=\"(max-width: 1920px) 100vw, 1920px\" \/>\t\t\t\t\t\t\t\t\t\t\t\t\t\t\t<\/div>\n\t\t\t\t<\/div>\n\t\t\t\t<div class=\"elementor-element elementor-element-81ba6b8 elementor-widget elementor-widget-text-editor\" data-id=\"81ba6b8\" data-element_type=\"widget\" data-widget_type=\"text-editor.default\">\n\t\t\t\t<div class=\"elementor-widget-container\">\n\t\t\t\t\t\t\t\t\t<p class=\"p1\">Les th\u00e9rapies <strong>cognitives<\/strong> et <strong>comportementales<\/strong> sont des psychoth\u00e9rapies valid\u00e9es scientifiquement et reconnues par la Haute Autorit\u00e9 de Sant\u00e9 comme efficaces dans le traitement d\u2019un certain nombre de troubles psychologiques et notamment dans la prise en charge des troubles d\u00e9pressifs, alimentaires, anxieux (TOC, Anxi\u00e9t\u00e9 sociale, phobie sp\u00e9cifique, TAG, Agoraphobie et Trouble panique&#8230;) Ces m\u00e9thodes visent un soulagement de la souffrance psychologique en se focalisant sur 3 dimensions : les pens\u00e9es, les \u00e9motions et les comportements. Elles permettent au patient de d\u00e9couvrir l\u2019influence mutuelle entre ces 3 aspects et de travailler \u00e0 modifier sa fa\u00e7on de penser (la dimension cognitive) et d\u2019agir (la dimension comportementale), pour mieux r\u00e9guler ses \u00e9motions. La th\u00e9rapie est structur\u00e9e, elle est orient\u00e9e vers des objectifs pr\u00e9cis. Le psychologue est actif et intervient beaucoup pendant les s\u00e9ances, il s\u2019agit d\u2019un travail collaboratif entre le patient et le psychologue.<\/p><p class=\"p1\">En savoir plus sur les TCC: <a href=\"http:\/\/www.aftcc.org\"><span class=\"s1\">www.aftcc.org<\/span><\/a><\/p><p>\u00a0<\/p>\t\t\t\t\t\t\t\t<\/div>\n\t\t\t\t<\/div>\n\t\t\t\t<\/div>\n\t\t\t\t\t<\/div>\n\t\t\t\t<\/div>\n\t\t<div class=\"elementor-element elementor-element-9000257 e-flex e-con-boxed e-con e-parent\" data-id=\"9000257\" data-element_type=\"container\">\n\t\t\t\t\t<div class=\"e-con-inner\">\n\t\t\t\t<div class=\"elementor-element elementor-element-bf3e2a7 elementor-hidden-desktop elementor-hidden-tablet elementor-widget elementor-widget-image\" data-id=\"bf3e2a7\" data-element_type=\"widget\" data-widget_type=\"image.default\">\n\t\t\t\t<div class=\"elementor-widget-container\">\n\t\t\t\t\t\t\t\t\t\t\t\t\t\t\t<img decoding=\"async\" width=\"1233\" height=\"1233\" src=\"https:\/\/eloisemarqueze-psychologue.com\/wp-content\/uploads\/2025\/05\/therapie-carre.jpg\" class=\"attachment-full size-full wp-image-221\" alt=\"\" srcset=\"https:\/\/eloisemarqueze-psychologue.com\/wp-content\/uploads\/2025\/05\/therapie-carre.jpg 1233w, https:\/\/eloisemarqueze-psychologue.com\/wp-content\/uploads\/2025\/05\/therapie-carre-300x300.jpg 300w, https:\/\/eloisemarqueze-psychologue.com\/wp-content\/uploads\/2025\/05\/therapie-carre-1024x1024.jpg 1024w, https:\/\/eloisemarqueze-psychologue.com\/wp-content\/uploads\/2025\/05\/therapie-carre-150x150.jpg 150w, https:\/\/eloisemarqueze-psychologue.com\/wp-content\/uploads\/2025\/05\/therapie-carre-768x768.jpg 768w\" sizes=\"(max-width: 1233px) 100vw, 1233px\" \/>\t\t\t\t\t\t\t\t\t\t\t\t\t\t\t<\/div>\n\t\t\t\t<\/div>\n\t\t\t\t<div class=\"elementor-element elementor-element-e5af5dd elementor-widget elementor-widget-heading\" data-id=\"e5af5dd\" data-element_type=\"widget\" data-widget_type=\"heading.default\">\n\t\t\t\t<div class=\"elementor-widget-container\">\n\t\t\t\t\t<h2 class=\"elementor-heading-title elementor-size-default\">La th\u00e9rapie<\/h2>\t\t\t\t<\/div>\n\t\t\t\t<\/div>\n\t\t\t\t<div class=\"elementor-element elementor-element-c7f3631 elementor-widget elementor-widget-heading\" data-id=\"c7f3631\" data-element_type=\"widget\" data-widget_type=\"heading.default\">\n\t\t\t\t<div class=\"elementor-widget-container\">\n\t\t\t\t\t<h2 class=\"elementor-heading-title elementor-size-default\">des sch\u00e9mas<\/h2>\t\t\t\t<\/div>\n\t\t\t\t<\/div>\n\t\t\t\t<div class=\"elementor-element elementor-element-7d8cd4e elementor-widget elementor-widget-text-editor\" data-id=\"7d8cd4e\" data-element_type=\"widget\" data-widget_type=\"text-editor.default\">\n\t\t\t\t<div class=\"elementor-widget-container\">\n\t\t\t\t\t\t\t\t\t<p class=\"p1\">La <strong>th\u00e9rapie des sch\u00e9mas<\/strong> est une approche qui aide les patients \u00e0 mieux se comprendre pour mieux avancer. Il s\u2019agit d\u2019identifier les sch\u00e9mas pr\u00e9coces inadapt\u00e9s qui sont des croyances profondes d\u00e9velopp\u00e9es pendant l\u2019enfance en r\u00e9ponse \u00e0 des besoins affectifs non satisfaits. Ces sch\u00e9mas influencent les comportements et les \u00e9motions dans le pr\u00e9sent. Cette th\u00e9rapie vise \u00e0 aider le patient \u00e0 sortir des automatismes qui le font souffrir et \u00e0 lui permettre d\u2019agir de mani\u00e8re plus saine dans le pr\u00e9sent. Elle se r\u00e9f\u00e8re \u00e0 plusieurs approches : les TCC, la th\u00e9orie de l\u2019attachement, et repose notamment sur des techniques exp\u00e9rientielles d\u2019imagerie et de visualisation. Son efficacit\u00e9 est d\u00e9montr\u00e9e notamment dans l\u2019accompagnement des patients souffrant de trouble de la personnalit\u00e9, trouble de l\u2019attachement et qui rapportent des difficult\u00e9s relationnelles.<\/p>\t\t\t\t\t\t\t\t<\/div>\n\t\t\t\t<\/div>\n\t\t\t\t\t<\/div>\n\t\t\t\t<\/div>\n\t\t<div class=\"elementor-element elementor-element-619f56b e-flex e-con-boxed e-con e-parent\" data-id=\"619f56b\" data-element_type=\"container\" data-settings=\"{&quot;background_background&quot;:&quot;classic&quot;}\">\n\t\t\t\t\t<div class=\"e-con-inner\">\n\t\t\t\t<div class=\"elementor-element elementor-element-3a6964c elementor-hidden-mobile elementor-widget elementor-widget-image\" data-id=\"3a6964c\" data-element_type=\"widget\" data-widget_type=\"image.default\">\n\t\t\t\t<div class=\"elementor-widget-container\">\n\t\t\t\t\t\t\t\t\t\t\t\t\t\t\t<img decoding=\"async\" width=\"1233\" height=\"1233\" src=\"https:\/\/eloisemarqueze-psychologue.com\/wp-content\/uploads\/2025\/05\/therapie-carre.jpg\" class=\"attachment-full size-full wp-image-221\" alt=\"\" srcset=\"https:\/\/eloisemarqueze-psychologue.com\/wp-content\/uploads\/2025\/05\/therapie-carre.jpg 1233w, https:\/\/eloisemarqueze-psychologue.com\/wp-content\/uploads\/2025\/05\/therapie-carre-300x300.jpg 300w, https:\/\/eloisemarqueze-psychologue.com\/wp-content\/uploads\/2025\/05\/therapie-carre-1024x1024.jpg 1024w, https:\/\/eloisemarqueze-psychologue.com\/wp-content\/uploads\/2025\/05\/therapie-carre-150x150.jpg 150w, https:\/\/eloisemarqueze-psychologue.com\/wp-content\/uploads\/2025\/05\/therapie-carre-768x768.jpg 768w\" sizes=\"(max-width: 1233px) 100vw, 1233px\" \/>\t\t\t\t\t\t\t\t\t\t\t\t\t\t\t<\/div>\n\t\t\t\t<\/div>\n\t\t\t\t\t<\/div>\n\t\t\t\t<\/div>\n\t\t<div class=\"elementor-element elementor-element-6788a6a e-flex e-con-boxed e-con e-parent\" data-id=\"6788a6a\" data-element_type=\"container\">\n\t\t\t\t\t<div class=\"e-con-inner\">\n\t\t\t\t<div class=\"elementor-element elementor-element-bd8ba7e elementor-widget elementor-widget-image\" data-id=\"bd8ba7e\" data-element_type=\"widget\" data-widget_type=\"image.default\">\n\t\t\t\t<div class=\"elementor-widget-container\">\n\t\t\t\t\t\t\t\t\t\t\t\t\t\t\t<img decoding=\"async\" width=\"1233\" height=\"1233\" src=\"https:\/\/eloisemarqueze-psychologue.com\/wp-content\/uploads\/2025\/05\/therapie-carre.jpg\" class=\"attachment-full size-full wp-image-221\" alt=\"\" srcset=\"https:\/\/eloisemarqueze-psychologue.com\/wp-content\/uploads\/2025\/05\/therapie-carre.jpg 1233w, https:\/\/eloisemarqueze-psychologue.com\/wp-content\/uploads\/2025\/05\/therapie-carre-300x300.jpg 300w, https:\/\/eloisemarqueze-psychologue.com\/wp-content\/uploads\/2025\/05\/therapie-carre-1024x1024.jpg 1024w, https:\/\/eloisemarqueze-psychologue.com\/wp-content\/uploads\/2025\/05\/therapie-carre-150x150.jpg 150w, https:\/\/eloisemarqueze-psychologue.com\/wp-content\/uploads\/2025\/05\/therapie-carre-768x768.jpg 768w\" sizes=\"(max-width: 1233px) 100vw, 1233px\" \/>\t\t\t\t\t\t\t\t\t\t\t\t\t\t\t<\/div>\n\t\t\t\t<\/div>\n\t\t\t\t<div class=\"elementor-element elementor-element-583a211 elementor-widget elementor-widget-text-editor\" data-id=\"583a211\" data-element_type=\"widget\" data-widget_type=\"text-editor.default\">\n\t\t\t\t<div class=\"elementor-widget-container\">\n\t\t\t\t\t\t\t\t\t<p>Je me forme r\u00e9guli\u00e8rement afin de faire \u00e9voluer mes connaissances. Enfin pour maintenir une garantie de s\u00e9rieux et de protection pour les personnes que j\u2019accompagne et pour moi, je suis supervis\u00e9e r\u00e9guli\u00e8rement dans ma pratique.<\/p><p>Au del\u00e0 des m\u00e9thodes et des outils, comme le dit le psychiatre et psychoth\u00e9rapeute Irvin Yalom, \u00ab\u00a0<strong class=\"typo\">C\u2019est la relation qui soigne. Il n\u2019y a pas de v\u00e9rit\u00e9 plus grande en psychoth\u00e9rapie<\/strong>\u00a0\u00bb.<\/p>\t\t\t\t\t\t\t\t<\/div>\n\t\t\t\t<\/div>\n\t\t\t\t\t<\/div>\n\t\t\t\t<\/div>\n\t\t\t\t<\/div>\n\t\t","protected":false},"excerpt":{"rendered":"<p>La Th\u00e9rapie J\u2019accompagne des\u00a0adolescents\u00a0et\u00a0des adultes, en\u00a0psychoth\u00e9rapie individuelle. Je suis \u00e9galement sp\u00e9cialis\u00e9e dans l\u2019accompagnement des personnes qui souffrent d\u2019addictions.\u00a0 Ma pratique est int\u00e9grative, c\u2019est \u00e0 dire que je peux me r\u00e9f\u00e9rer \u00e0 diff\u00e9rentes approches th\u00e9rapeutiques et outils d\u2019accompagnement. Le principe est de \u00ab d\u00e9cloisonner \u00bb les diff\u00e9rentes techniques en psychoth\u00e9rapies pour mieux adapter l\u2019accompagnement \u00e0 chaque [&hellip;]<\/p>\n","protected":false},"author":1,"featured_media":0,"parent":0,"menu_order":0,"comment_status":"closed","ping_status":"closed","template":"","meta":{"footnotes":""},"class_list":["post-211","page","type-page","status-publish","hentry"],"_links":{"self":[{"href":"https:\/\/eloisemarqueze-psychologue.com\/index.php\/wp-json\/wp\/v2\/pages\/211","targetHints":{"allow":["GET"]}}],"collection":[{"href":"https:\/\/eloisemarqueze-psychologue.com\/index.php\/wp-json\/wp\/v2\/pages"}],"about":[{"href":"https:\/\/eloisemarqueze-psychologue.com\/index.php\/wp-json\/wp\/v2\/types\/page"}],"author":[{"embeddable":true,"href":"https:\/\/eloisemarqueze-psychologue.com\/index.php\/wp-json\/wp\/v2\/users\/1"}],"replies":[{"embeddable":true,"href":"https:\/\/eloisemarqueze-psychologue.com\/index.php\/wp-json\/wp\/v2\/comments?post=211"}],"version-history":[{"count":92,"href":"https:\/\/eloisemarqueze-psychologue.com\/index.php\/wp-json\/wp\/v2\/pages\/211\/revisions"}],"predecessor-version":[{"id":582,"href":"https:\/\/eloisemarqueze-psychologue.com\/index.php\/wp-json\/wp\/v2\/pages\/211\/revisions\/582"}],"wp:attachment":[{"href":"https:\/\/eloisemarqueze-psychologue.com\/index.php\/wp-json\/wp\/v2\/media?parent=211"}],"curies":[{"name":"wp","href":"https:\/\/api.w.org\/{rel}","templated":true}]}}