{"id":12,"date":"2025-05-27T15:36:02","date_gmt":"2025-05-27T13:36:02","guid":{"rendered":"http:\/\/jrufsfc.cluster100.hosting.ovh.net\/?page_id=12"},"modified":"2026-02-06T15:21:18","modified_gmt":"2026-02-06T14:21:18","slug":"home","status":"publish","type":"page","link":"https:\/\/eloisemarqueze-psychologue.com\/","title":{"rendered":"Home"},"content":{"rendered":"\t\t<div data-elementor-type=\"wp-page\" data-elementor-id=\"12\" class=\"elementor elementor-12\" data-elementor-post-type=\"page\">\n\t\t\t\t<div class=\"elementor-element elementor-element-26772d5 e-flex e-con-boxed e-con e-parent\" data-id=\"26772d5\" data-element_type=\"container\" data-settings=\"{&quot;background_background&quot;:&quot;classic&quot;}\">\n\t\t\t\t\t<div class=\"e-con-inner\">\n\t\t\t\t<div class=\"elementor-element elementor-element-e11a01f elementor-widget elementor-widget-heading\" data-id=\"e11a01f\" data-element_type=\"widget\" data-widget_type=\"heading.default\">\n\t\t\t\t<div class=\"elementor-widget-container\">\n\t\t\t\t\t<h2 class=\"elementor-heading-title elementor-size-default\">\u00c9lo\u00efse Marqu\u00e8ze<\/h2>\t\t\t\t<\/div>\n\t\t\t\t<\/div>\n\t\t\t\t<div class=\"elementor-element elementor-element-edd47c7 elementor-widget-divider--view-line elementor-widget elementor-widget-divider\" data-id=\"edd47c7\" data-element_type=\"widget\" data-widget_type=\"divider.default\">\n\t\t\t\t<div class=\"elementor-widget-container\">\n\t\t\t\t\t\t\t<div class=\"elementor-divider\">\n\t\t\t<span class=\"elementor-divider-separator\">\n\t\t\t\t\t\t<\/span>\n\t\t<\/div>\n\t\t\t\t\t\t<\/div>\n\t\t\t\t<\/div>\n\t\t\t\t<div class=\"elementor-element elementor-element-b387562 elementor-widget elementor-widget-heading\" data-id=\"b387562\" data-element_type=\"widget\" data-widget_type=\"heading.default\">\n\t\t\t\t<div class=\"elementor-widget-container\">\n\t\t\t\t\t<h2 class=\"elementor-heading-title elementor-size-default\">PSYCHOLOGUE<\/h2>\t\t\t\t<\/div>\n\t\t\t\t<\/div>\n\t\t\t\t\t<\/div>\n\t\t\t\t<\/div>\n\t\t<div class=\"elementor-element elementor-element-b13db11 e-flex e-con-boxed e-con e-parent\" data-id=\"b13db11\" data-element_type=\"container\">\n\t\t\t\t\t<div class=\"e-con-inner\">\n\t\t<div class=\"elementor-element elementor-element-08042b7 e-con-full e-flex e-con e-child\" data-id=\"08042b7\" data-element_type=\"container\">\n\t\t\t\t<div class=\"elementor-element elementor-element-a667ade elementor-widget elementor-widget-heading\" data-id=\"a667ade\" data-element_type=\"widget\" data-widget_type=\"heading.default\">\n\t\t\t\t<div class=\"elementor-widget-container\">\n\t\t\t\t\t<h2 class=\"elementor-heading-title elementor-size-default\">Pourquoi prendre rendez-vous ?\n<\/h2>\t\t\t\t<\/div>\n\t\t\t\t<\/div>\n\t\t\t\t<div class=\"elementor-element elementor-element-da17629 elementor-widget elementor-widget-heading\" data-id=\"da17629\" data-element_type=\"widget\" data-widget_type=\"heading.default\">\n\t\t\t\t<div class=\"elementor-widget-container\">\n\t\t\t\t\t<h2 class=\"elementor-heading-title elementor-size-default\">Prendre soin de soi est une raison suffisante.<\/h2>\t\t\t\t<\/div>\n\t\t\t\t<\/div>\n\t\t\t\t<div class=\"elementor-element elementor-element-049c1c8 elementor-absolute e-transform elementor-widget-divider--view-line elementor-widget elementor-widget-divider\" data-id=\"049c1c8\" data-element_type=\"widget\" data-settings=\"{&quot;_position&quot;:&quot;absolute&quot;,&quot;_transform_rotateZ_effect&quot;:{&quot;unit&quot;:&quot;px&quot;,&quot;size&quot;:90,&quot;sizes&quot;:[]},&quot;_transform_rotateZ_effect_tablet&quot;:{&quot;unit&quot;:&quot;deg&quot;,&quot;size&quot;:&quot;&quot;,&quot;sizes&quot;:[]},&quot;_transform_rotateZ_effect_mobile&quot;:{&quot;unit&quot;:&quot;deg&quot;,&quot;size&quot;:&quot;&quot;,&quot;sizes&quot;:[]}}\" data-widget_type=\"divider.default\">\n\t\t\t\t<div class=\"elementor-widget-container\">\n\t\t\t\t\t\t\t<div class=\"elementor-divider\">\n\t\t\t<span class=\"elementor-divider-separator\">\n\t\t\t\t\t\t<\/span>\n\t\t<\/div>\n\t\t\t\t\t\t<\/div>\n\t\t\t\t<\/div>\n\t\t\t\t<div class=\"elementor-element elementor-element-67f71fe elementor-widget elementor-widget-text-editor\" data-id=\"67f71fe\" data-element_type=\"widget\" data-widget_type=\"text-editor.default\">\n\t\t\t\t<div class=\"elementor-widget-container\">\n\t\t\t\t\t\t\t\t\t<p>En somme, lorsqu\u2019on sent que quelque chose ne va pas et nous emp\u00eache de nous \u00e9panouir,\u00a0<strong>\u00ab aller parler \u00e0 quelqu\u2019un \u00bb<\/strong>, permet de trouver du soutien, de l\u2019apaisement, et de mieux comprendre. C\u2019est aujourd\u2019hui une d\u00e9marche courante. Les motifs qui peuvent amener les personnes \u00e0 consulter un\u00a0<strong>psychologue<\/strong>\u00a0sont multiples et varient selon la personnalit\u00e9 et l\u2019histoire de chacun.<\/p>\t\t\t\t\t\t\t\t<\/div>\n\t\t\t\t<\/div>\n\t\t\t\t<div class=\"elementor-element elementor-element-6b10d56 elementor-align-right elementor-widget elementor-widget-button\" data-id=\"6b10d56\" data-element_type=\"widget\" data-widget_type=\"button.default\">\n\t\t\t\t<div class=\"elementor-widget-container\">\n\t\t\t\t\t\t\t\t\t<div class=\"elementor-button-wrapper\">\n\t\t\t\t\t<a class=\"elementor-button elementor-button-link elementor-size-sm\" href=\"http:\/\/jrufsfc.cluster100.hosting.ovh.net\/index.php\/pourquoi-prendre-rendez-vous\/\">\n\t\t\t\t\t\t<span class=\"elementor-button-content-wrapper\">\n\t\t\t\t\t\t\t\t\t<span class=\"elementor-button-text\">voir +<\/span>\n\t\t\t\t\t<\/span>\n\t\t\t\t\t<\/a>\n\t\t\t\t<\/div>\n\t\t\t\t\t\t\t\t<\/div>\n\t\t\t\t<\/div>\n\t\t\t\t<\/div>\n\t\t\t\t<div class=\"elementor-element elementor-element-feceddf elementor-widget elementor-widget-image\" data-id=\"feceddf\" data-element_type=\"widget\" data-widget_type=\"image.default\">\n\t\t\t\t<div class=\"elementor-widget-container\">\n\t\t\t\t\t\t\t\t\t\t\t\t\t\t\t<img fetchpriority=\"high\" decoding=\"async\" width=\"1920\" height=\"1280\" src=\"https:\/\/eloisemarqueze-psychologue.com\/wp-content\/uploads\/2025\/05\/home-eloise-marqueze-psychologie.jpg\" class=\"attachment-full size-full wp-image-26\" alt=\"photo jeune femme de dos\" srcset=\"https:\/\/eloisemarqueze-psychologue.com\/wp-content\/uploads\/2025\/05\/home-eloise-marqueze-psychologie.jpg 1920w, https:\/\/eloisemarqueze-psychologue.com\/wp-content\/uploads\/2025\/05\/home-eloise-marqueze-psychologie-300x200.jpg 300w, https:\/\/eloisemarqueze-psychologue.com\/wp-content\/uploads\/2025\/05\/home-eloise-marqueze-psychologie-1024x683.jpg 1024w, https:\/\/eloisemarqueze-psychologue.com\/wp-content\/uploads\/2025\/05\/home-eloise-marqueze-psychologie-768x512.jpg 768w, https:\/\/eloisemarqueze-psychologue.com\/wp-content\/uploads\/2025\/05\/home-eloise-marqueze-psychologie-1536x1024.jpg 1536w\" sizes=\"(max-width: 1920px) 100vw, 1920px\" \/>\t\t\t\t\t\t\t\t\t\t\t\t\t\t\t<\/div>\n\t\t\t\t<\/div>\n\t\t\t\t\t<\/div>\n\t\t\t\t<\/div>\n\t\t<div class=\"elementor-element elementor-element-257154a e-flex e-con-boxed e-con e-parent\" data-id=\"257154a\" data-element_type=\"container\" data-settings=\"{&quot;background_background&quot;:&quot;classic&quot;}\">\n\t\t\t\t\t<div class=\"e-con-inner\">\n\t\t\t\t<div class=\"elementor-element elementor-element-c897d84 elementor-widget elementor-widget-heading\" data-id=\"c897d84\" data-element_type=\"widget\" data-widget_type=\"heading.default\">\n\t\t\t\t<div class=\"elementor-widget-container\">\n\t\t\t\t\t<h2 class=\"elementor-heading-title elementor-size-default\">Mon parcours<\/h2>\t\t\t\t<\/div>\n\t\t\t\t<\/div>\n\t\t\t\t<div class=\"elementor-element elementor-element-4bdb796 elementor-widget elementor-widget-text-editor\" data-id=\"4bdb796\" data-element_type=\"widget\" data-widget_type=\"text-editor.default\">\n\t\t\t\t<div class=\"elementor-widget-container\">\n\t\t\t\t\t\t\t\t\t<p>Au fil du temps, et de mes voyages ; j&rsquo;ai aim\u00e9 la d\u00e9couverte, les rencontres et le partage. Quelques ann\u00e9es plus tard, j&rsquo;ai repris mes \u00e9tudes en Psychologie, curieuse de ce travail bas\u00e9 sur l&rsquo;\u00e9coute et la parole. Depuis mon dipl\u00f4me en 2012, apr\u00e8s des ann\u00e9es de formation et de pratique dans des contextes vari\u00e9s, je continue d&rsquo;apprendre au travers de chaque personne et d&rsquo;exercer avec plaisir. C&rsquo;est ce travail de soutien et ce lien authentique avec chacun qui est essentiel.<\/p>\t\t\t\t\t\t\t\t<\/div>\n\t\t\t\t<\/div>\n\t\t\t\t<div class=\"elementor-element elementor-element-d1b0853 elementor-align-right elementor-widget elementor-widget-button\" data-id=\"d1b0853\" data-element_type=\"widget\" data-widget_type=\"button.default\">\n\t\t\t\t<div class=\"elementor-widget-container\">\n\t\t\t\t\t\t\t\t\t<div class=\"elementor-button-wrapper\">\n\t\t\t\t\t<a class=\"elementor-button elementor-button-link elementor-size-sm\" href=\"http:\/\/jrufsfc.cluster100.hosting.ovh.net\/index.php\/mon-parcours\/\">\n\t\t\t\t\t\t<span class=\"elementor-button-content-wrapper\">\n\t\t\t\t\t\t\t\t\t<span class=\"elementor-button-text\">voir +<\/span>\n\t\t\t\t\t<\/span>\n\t\t\t\t\t<\/a>\n\t\t\t\t<\/div>\n\t\t\t\t\t\t\t\t<\/div>\n\t\t\t\t<\/div>\n\t\t\t\t\t<\/div>\n\t\t\t\t<\/div>\n\t\t<div class=\"elementor-element elementor-element-99c9bb4 e-flex e-con-boxed e-con e-parent\" data-id=\"99c9bb4\" data-element_type=\"container\" data-settings=\"{&quot;background_background&quot;:&quot;classic&quot;}\">\n\t\t\t\t\t<div class=\"e-con-inner\">\n\t\t<div class=\"elementor-element elementor-element-60fb1e1 e-con-full e-flex e-con e-child\" data-id=\"60fb1e1\" data-element_type=\"container\">\n\t\t\t\t<div class=\"elementor-element elementor-element-0b3803e elementor-widget elementor-widget-image\" data-id=\"0b3803e\" data-element_type=\"widget\" data-widget_type=\"image.default\">\n\t\t\t\t<div class=\"elementor-widget-container\">\n\t\t\t\t\t\t\t\t\t\t\t\t\t\t\t<img decoding=\"async\" width=\"846\" height=\"1276\" src=\"https:\/\/eloisemarqueze-psychologue.com\/wp-content\/uploads\/2025\/05\/psychologue-therapie.jpg\" class=\"attachment-full size-full wp-image-27\" alt=\"psychologue-therapie\" srcset=\"https:\/\/eloisemarqueze-psychologue.com\/wp-content\/uploads\/2025\/05\/psychologue-therapie.jpg 846w, https:\/\/eloisemarqueze-psychologue.com\/wp-content\/uploads\/2025\/05\/psychologue-therapie-199x300.jpg 199w, https:\/\/eloisemarqueze-psychologue.com\/wp-content\/uploads\/2025\/05\/psychologue-therapie-679x1024.jpg 679w, https:\/\/eloisemarqueze-psychologue.com\/wp-content\/uploads\/2025\/05\/psychologue-therapie-768x1158.jpg 768w\" sizes=\"(max-width: 846px) 100vw, 846px\" \/>\t\t\t\t\t\t\t\t\t\t\t\t\t\t\t<\/div>\n\t\t\t\t<\/div>\n\t\t\t\t<\/div>\n\t\t<div class=\"elementor-element elementor-element-fcabd00 e-con-full e-flex e-con e-child\" data-id=\"fcabd00\" data-element_type=\"container\">\n\t\t\t\t<div class=\"elementor-element elementor-element-b4185b3 elementor-widget elementor-widget-heading\" data-id=\"b4185b3\" data-element_type=\"widget\" data-widget_type=\"heading.default\">\n\t\t\t\t<div class=\"elementor-widget-container\">\n\t\t\t\t\t<h2 class=\"elementor-heading-title elementor-size-default\">La Th\u00e9rapie<\/h2>\t\t\t\t<\/div>\n\t\t\t\t<\/div>\n\t\t\t\t<div class=\"elementor-element elementor-element-133a1b1 elementor-widget elementor-widget-text-editor\" data-id=\"133a1b1\" data-element_type=\"widget\" data-widget_type=\"text-editor.default\">\n\t\t\t\t<div class=\"elementor-widget-container\">\n\t\t\t\t\t\t\t\t\t<p>J\u2019accompagne des <strong>adolescents<\/strong>\u00a0et\u00a0<strong>des adultes<\/strong>, en\u00a0<strong>psychoth\u00e9rapie individuelle<\/strong>. Je suis \u00e9galement sp\u00e9cialis\u00e9e dans l\u2019accompagnement des personnes qui souffrent d\u2019addictions.<br \/>Ma pratique est int\u00e9grative, C&rsquo;est \u00e0 dire que je peux me r\u00e9f\u00e9rer \u00e0\u00a0<strong>diff\u00e9rentes approches th\u00e9rapeutiques<\/strong>\u00a0et outils d&rsquo;accompagnement. Le principe est de \u00ab d\u00e9cloisonner \u00bb les diff\u00e9rentes techniques en psychoth\u00e9rapies pour mieux adapter l&rsquo;accompagnement \u00e0\u00a0<strong>chaque personne<\/strong>.<\/p><p>&#8211; EMDR<br \/>&#8211; TCC<br \/>&#8211; La\u00a0th\u00e9rapie des sch\u00e9mas<\/p>\t\t\t\t\t\t\t\t<\/div>\n\t\t\t\t<\/div>\n\t\t\t\t<div class=\"elementor-element elementor-element-95f90da elementor-align-right elementor-widget elementor-widget-button\" data-id=\"95f90da\" data-element_type=\"widget\" data-widget_type=\"button.default\">\n\t\t\t\t<div class=\"elementor-widget-container\">\n\t\t\t\t\t\t\t\t\t<div class=\"elementor-button-wrapper\">\n\t\t\t\t\t<a class=\"elementor-button elementor-button-link elementor-size-sm\" href=\"http:\/\/jrufsfc.cluster100.hosting.ovh.net\/index.php\/la-therapie\/\">\n\t\t\t\t\t\t<span class=\"elementor-button-content-wrapper\">\n\t\t\t\t\t\t\t\t\t<span class=\"elementor-button-text\">voir +<\/span>\n\t\t\t\t\t<\/span>\n\t\t\t\t\t<\/a>\n\t\t\t\t<\/div>\n\t\t\t\t\t\t\t\t<\/div>\n\t\t\t\t<\/div>\n\t\t\t\t<\/div>\n\t\t\t\t\t<\/div>\n\t\t\t\t<\/div>\n\t\t<div class=\"elementor-element elementor-element-5479ed3 e-flex e-con-boxed e-con e-parent\" data-id=\"5479ed3\" data-element_type=\"container\" data-settings=\"{&quot;background_background&quot;:&quot;classic&quot;}\">\n\t\t\t\t\t<div class=\"e-con-inner\">\n\t\t<div class=\"elementor-element elementor-element-5979125 e-con-full e-flex e-con e-child\" data-id=\"5979125\" data-element_type=\"container\">\n\t\t\t\t<div class=\"elementor-element elementor-element-3203bb3 elementor-widget elementor-widget-text-editor\" data-id=\"3203bb3\" data-element_type=\"widget\" data-widget_type=\"text-editor.default\">\n\t\t\t\t<div class=\"elementor-widget-container\">\n\t\t\t\t\t\t\t\t\t<p>Le\u00a0<strong>cabinet<\/strong>\u00a0se situe au :<\/p><ul><li><strong>2 rue Millet 33600 Pessac<\/strong><\/li><li class=\"p1\"><strong>14 rue Desbiey au sein du Cabinet l\u2019Etoile, La Teste de Buch.\u00a0<\/strong><\/li><\/ul><p>Vous pouvez patienter dans la salle d\u2019attente ou \u00e0 l\u2019ext\u00e9rieur. Le lieu est calme et accueillant.<\/p>\t\t\t\t\t\t\t\t<\/div>\n\t\t\t\t<\/div>\n\t\t\t\t<div class=\"elementor-element elementor-element-f785e66 elementor-align-right elementor-widget elementor-widget-button\" data-id=\"f785e66\" data-element_type=\"widget\" data-widget_type=\"button.default\">\n\t\t\t\t<div class=\"elementor-widget-container\">\n\t\t\t\t\t\t\t\t\t<div class=\"elementor-button-wrapper\">\n\t\t\t\t\t<a class=\"elementor-button elementor-button-link elementor-size-sm\" href=\"http:\/\/jrufsfc.cluster100.hosting.ovh.net\/index.php\/le-cabinet\/\">\n\t\t\t\t\t\t<span class=\"elementor-button-content-wrapper\">\n\t\t\t\t\t\t\t\t\t<span class=\"elementor-button-text\">voir +<\/span>\n\t\t\t\t\t<\/span>\n\t\t\t\t\t<\/a>\n\t\t\t\t<\/div>\n\t\t\t\t\t\t\t\t<\/div>\n\t\t\t\t<\/div>\n\t\t\t\t<div class=\"elementor-element elementor-element-7e3a271 elementor-widget elementor-widget-heading\" data-id=\"7e3a271\" data-element_type=\"widget\" data-widget_type=\"heading.default\">\n\t\t\t\t<div class=\"elementor-widget-container\">\n\t\t\t\t\t<h2 class=\"elementor-heading-title elementor-size-default\">Le Cabinet<\/h2>\t\t\t\t<\/div>\n\t\t\t\t<\/div>\n\t\t\t\t<\/div>\n\t\t<div class=\"elementor-element elementor-element-16b7383 e-con-full e-flex e-con e-child\" data-id=\"16b7383\" data-element_type=\"container\">\n\t\t\t\t<div class=\"elementor-element elementor-element-4a0c32e elementor-widget elementor-widget-image\" data-id=\"4a0c32e\" data-element_type=\"widget\" data-widget_type=\"image.default\">\n\t\t\t\t<div class=\"elementor-widget-container\">\n\t\t\t\t\t\t\t\t\t\t\t\t\t\t\t<img decoding=\"async\" width=\"2560\" height=\"1600\" src=\"https:\/\/eloisemarqueze-psychologue.com\/wp-content\/uploads\/2026\/02\/cabinet-scaled.png\" class=\"attachment-full size-full wp-image-636\" alt=\"\" srcset=\"https:\/\/eloisemarqueze-psychologue.com\/wp-content\/uploads\/2026\/02\/cabinet-scaled.png 2560w, https:\/\/eloisemarqueze-psychologue.com\/wp-content\/uploads\/2026\/02\/cabinet-300x188.png 300w, https:\/\/eloisemarqueze-psychologue.com\/wp-content\/uploads\/2026\/02\/cabinet-1024x640.png 1024w, https:\/\/eloisemarqueze-psychologue.com\/wp-content\/uploads\/2026\/02\/cabinet-768x480.png 768w, https:\/\/eloisemarqueze-psychologue.com\/wp-content\/uploads\/2026\/02\/cabinet-1536x960.png 1536w, https:\/\/eloisemarqueze-psychologue.com\/wp-content\/uploads\/2026\/02\/cabinet-2048x1280.png 2048w\" sizes=\"(max-width: 2560px) 100vw, 2560px\" \/>\t\t\t\t\t\t\t\t\t\t\t\t\t\t\t<\/div>\n\t\t\t\t<\/div>\n\t\t\t\t<\/div>\n\t\t\t\t\t<\/div>\n\t\t\t\t<\/div>\n\t\t<div class=\"elementor-element elementor-element-72a51d1 e-flex e-con-boxed e-con e-parent\" data-id=\"72a51d1\" data-element_type=\"container\" data-settings=\"{&quot;background_background&quot;:&quot;classic&quot;}\">\n\t\t\t\t\t<div class=\"e-con-inner\">\n\t\t\t\t<div class=\"elementor-element elementor-element-3d5128d elementor-widget elementor-widget-google_maps\" data-id=\"3d5128d\" data-element_type=\"widget\" data-widget_type=\"google_maps.default\">\n\t\t\t\t<div class=\"elementor-widget-container\">\n\t\t\t\t\t\t\t<div class=\"elementor-custom-embed\">\n\t\t\t<iframe loading=\"lazy\"\n\t\t\t\t\tsrc=\"https:\/\/maps.google.com\/maps?q=2%20Rue%20Millet%2C%2033600%20Pessac%2C%20France&#038;t=m&#038;z=13&#038;output=embed&#038;iwloc=near\"\n\t\t\t\t\ttitle=\"2 Rue Millet, 33600 Pessac, France\"\n\t\t\t\t\taria-label=\"2 Rue Millet, 33600 Pessac, France\"\n\t\t\t><\/iframe>\n\t\t<\/div>\n\t\t\t\t\t\t<\/div>\n\t\t\t\t<\/div>\n\t\t\t\t<div class=\"elementor-element elementor-element-31734ea elementor-widget elementor-widget-google_maps\" data-id=\"31734ea\" data-element_type=\"widget\" data-widget_type=\"google_maps.default\">\n\t\t\t\t<div class=\"elementor-widget-container\">\n\t\t\t\t\t\t\t<div class=\"elementor-custom-embed\">\n\t\t\t<iframe loading=\"lazy\"\n\t\t\t\t\tsrc=\"https:\/\/maps.google.com\/maps?q=14%2C%20rue%20Desbiey%2C%2033260%20La%20Teste-de-Buch%2C%20France&#038;t=m&#038;z=13&#038;output=embed&#038;iwloc=near\"\n\t\t\t\t\ttitle=\"14, rue Desbiey, 33260 La Teste-de-Buch, France\"\n\t\t\t\t\taria-label=\"14, rue Desbiey, 33260 La Teste-de-Buch, France\"\n\t\t\t><\/iframe>\n\t\t<\/div>\n\t\t\t\t\t\t<\/div>\n\t\t\t\t<\/div>\n\t\t\t\t<div class=\"elementor-element elementor-element-4c3a913 elementor-widget elementor-widget-heading\" data-id=\"4c3a913\" data-element_type=\"widget\" data-widget_type=\"heading.default\">\n\t\t\t\t<div class=\"elementor-widget-container\">\n\t\t\t\t\t<h2 class=\"elementor-heading-title elementor-size-default\">Contact & Rendez-vous<\/h2>\t\t\t\t<\/div>\n\t\t\t\t<\/div>\n\t\t\t\t<div class=\"elementor-element elementor-element-480ce06 elementor-widget elementor-widget-text-editor\" data-id=\"480ce06\" data-element_type=\"widget\" data-widget_type=\"text-editor.default\">\n\t\t\t\t<div class=\"elementor-widget-container\">\n\t\t\t\t\t\t\t\t\t<p>Les consultations se font uniquement sur rendez-vous. Vous pouvez me contacter par sms, t\u00e9l\u00e9phone ou mail, ou prendre rendez vous via le site\u00a0<a href=\"https:\/\/www.doctolib.fr\/psychologue\/merignac\/eloise-marqueze\"><strong>Doctolib<\/strong><\/a>.<\/p>\t\t\t\t\t\t\t\t<\/div>\n\t\t\t\t<\/div>\n\t\t\t\t\t<\/div>\n\t\t\t\t<\/div>\n\t\t\t\t<\/div>\n\t\t","protected":false},"excerpt":{"rendered":"<p>\u00c9lo\u00efse Marqu\u00e8ze PSYCHOLOGUE Pourquoi prendre rendez-vous ? Prendre soin de soi est une raison suffisante. En somme, lorsqu\u2019on sent que quelque chose ne va pas et nous emp\u00eache de nous \u00e9panouir,\u00a0\u00ab aller parler \u00e0 quelqu\u2019un \u00bb, permet de trouver du soutien, de l\u2019apaisement, et de mieux comprendre. C\u2019est aujourd\u2019hui une d\u00e9marche courante. Les motifs qui [&hellip;]<\/p>\n","protected":false},"author":1,"featured_media":0,"parent":0,"menu_order":0,"comment_status":"closed","ping_status":"closed","template":"","meta":{"footnotes":""},"class_list":["post-12","page","type-page","status-publish","hentry"],"_links":{"self":[{"href":"https:\/\/eloisemarqueze-psychologue.com\/index.php\/wp-json\/wp\/v2\/pages\/12","targetHints":{"allow":["GET"]}}],"collection":[{"href":"https:\/\/eloisemarqueze-psychologue.com\/index.php\/wp-json\/wp\/v2\/pages"}],"about":[{"href":"https:\/\/eloisemarqueze-psychologue.com\/index.php\/wp-json\/wp\/v2\/types\/page"}],"author":[{"embeddable":true,"href":"https:\/\/eloisemarqueze-psychologue.com\/index.php\/wp-json\/wp\/v2\/users\/1"}],"replies":[{"embeddable":true,"href":"https:\/\/eloisemarqueze-psychologue.com\/index.php\/wp-json\/wp\/v2\/comments?post=12"}],"version-history":[{"count":109,"href":"https:\/\/eloisemarqueze-psychologue.com\/index.php\/wp-json\/wp\/v2\/pages\/12\/revisions"}],"predecessor-version":[{"id":645,"href":"https:\/\/eloisemarqueze-psychologue.com\/index.php\/wp-json\/wp\/v2\/pages\/12\/revisions\/645"}],"wp:attachment":[{"href":"https:\/\/eloisemarqueze-psychologue.com\/index.php\/wp-json\/wp\/v2\/media?parent=12"}],"curies":[{"name":"wp","href":"https:\/\/api.w.org\/{rel}","templated":true}]}}